{"id":12,"date":"2019-04-13T18:22:37","date_gmt":"2019-04-13T16:22:37","guid":{"rendered":"https:\/\/cp13.nordicway.dk\/~salsavib\/?page_id=12"},"modified":"2020-02-12T12:29:28","modified_gmt":"2020-02-12T11:29:28","slug":"improver-holdet","status":"publish","type":"page","link":"https:\/\/cp13.nordicway.dk\/~salsavib\/en\/salsa-hold-i-flere-niveauer\/improver-holdet\/","title":{"rendered":"Improver Class"},"content":{"rendered":"<div class=\"fusion-bg-parallax\" data-bg-align=\"right bottom\" data-direction=\"up\" data-mute=\"false\" data-opacity=\"100\" data-velocity=\"-0.2\" data-mobile-enabled=\"false\" data-break_parents=\"0\" data-bg-image=\"https:\/\/cp13.nordicway.dk\/~salsavib\/wp-content\/uploads\/2019\/04\/improver-hold-2-246x300.png\" data-bg-repeat=\"false\" ><\/div><div class=\"fusion-fullwidth fullwidth-box fusion-builder-row-1 fusion-parallax-up nonhundred-percent-fullwidth non-hundred-percent-height-scrolling\" style=\"--awb-background-position:right bottom;--awb-border-radius-top-left:0px;--awb-border-radius-top-right:0px;--awb-border-radius-bottom-right:0px;--awb-border-radius-bottom-left:0px;--awb-padding-top:0px;--awb-padding-bottom:200px;--awb-background-image:url(&quot;https:\/\/cp13.nordicway.dk\/~salsavib\/wp-content\/uploads\/2019\/04\/improver-hold-2-246x300.png&quot;);--awb-background-size:cover;--awb-border-sizes-top:0px;--awb-border-sizes-bottom:0px;--awb-flex-wrap:wrap;\" ><div class=\"fusion-builder-row fusion-row\"><div class=\"fusion-layout-column fusion_builder_column fusion-builder-column-0 fusion_builder_column_1_2 1_2 fusion-one-half fusion-column-first\" style=\"--awb-bg-size:cover;\"><div class=\"fusion-column-wrapper fusion-column-has-shadow fusion-flex-column-wrapper-legacy\"><div class=\"fusion-text fusion-text-1\"><h2 style=\"color: #ffffff; padding-top: 50px;\">Improver class in Cuban Salsa<\/h2>\n<h3 style=\"color: #ffffff;\">w\/ S\u00f8ren Fr\u00f8lund<\/h3>\n<\/div><div class=\"fusion-sep-clear\"><\/div><div class=\"fusion-separator fusion-full-width-sep\" style=\"margin-left: auto;margin-right: auto;margin-top:20px;width:100%;\"><\/div><div class=\"fusion-sep-clear\"><\/div><div class=\"fusion-button-wrapper\"><a class=\"fusion-button button-flat button-large button-custom fusion-button-default button-1 fusion-button-default-span\" style=\"--button_accent_color:#ffffff;--button_accent_hover_color:#ffffff;--button_border_hover_color:#ffffff;--button_border_width-top:2px;--button_border_width-right:2px;--button_border_width-bottom:2px;--button_border_width-left:2px;--button_gradient_top_color:rgba(255,255,255,0);--button_gradient_bottom_color:rgba(255,255,255,0);--button_gradient_top_color_hover:rgba(255,255,255,.1);--button_gradient_bottom_color_hover:rgba(255,255,255,.1);\" target=\"_blank\" rel=\"noopener noreferrer\" href=\"https:\/\/salsaviborg.nemtilmeld.dk\/\"><span class=\"fusion-button-text awb-button__text awb-button__text--default\">Sign up<\/span><\/a><\/div><div class=\"fusion-clearfix\"><\/div><\/div><\/div><\/div><\/div><div class=\"fusion-fullwidth fullwidth-box fusion-builder-row-2 nonhundred-percent-fullwidth non-hundred-percent-height-scrolling fusion-equal-height-columns\" style=\"--awb-border-radius-top-left:0px;--awb-border-radius-top-right:0px;--awb-border-radius-bottom-right:0px;--awb-border-radius-bottom-left:0px;--awb-padding-top:50px;--awb-padding-bottom:0px;--awb-flex-wrap:wrap;\" ><div class=\"fusion-builder-row fusion-row\"><div class=\"fusion-layout-column fusion_builder_column fusion-builder-column-1 fusion_builder_column_1_2 1_2 fusion-one-half fusion-column-first\" style=\"--awb-bg-size:cover;width:48%; margin-right: 4%;\"><div class=\"fusion-column-wrapper fusion-column-has-shadow fusion-flex-column-wrapper-legacy\"><div class=\"fusion-text fusion-text-2\"><p> <span class=\"fusion-dropcap dropcap\">A<\/span>t this improver course in Cuban salsa, S\u00f8ren Fr\u00f8lund will lead the participants in the fantastic world the salsa dance opens up to.<\/p>\n<p>This class is a continuation of the beginner class and assumes that one has danced at least one season at the beginner's class. Here you get a higher technical understanding of the dance, an improved style, a body in balance and focus on arms and body. The class is therefore also for dancers who have danced longer, but who want to focus on the above.<\/p>\n<p>There is no condition to join as a couple - you can easily come alone.<\/p>\n<p><!-- \/wp:post-content --><\/p>\n<p><!-- wp:paragraph --><\/p>\n<p><!-- \/wp:paragraph --><\/p>\n<p><!-- wp:paragraph --><\/p>\n<p>You must be a member of the association Salsa Viborg to participate in the class. If you are not, it costs DKK 50 a year for membership\u00a0<a href=\"https:\/\/salsaviborg.nemtilmeld.dk\/43\/\"><u>https:\/\/salsaviborg.nemtilmeld.dk\/43\/<\/u><\/a><\/p>\n<p>&nbsp;<\/p>\n<\/div><div class=\"fusion-clearfix\"><\/div><\/div><\/div><div class=\"fusion-layout-column fusion_builder_column fusion-builder-column-2 fusion_builder_column_1_2 1_2 fusion-one-half fusion-column-last\" style=\"--awb-bg-size:cover;width:48%;\"><div class=\"fusion-column-wrapper fusion-column-has-shadow fusion-flex-column-wrapper-legacy\"><div class=\"fusion-text fusion-text-3\"><p><strong>SALSA EXPERIENCE:<\/strong> You must have danced at least one season at the beginner's class<\/p>\n<p><strong>START: <\/strong>Tuesdays at. 19:40 to 20:55<\/p>\n<p><strong>INSTRUCTOR: <\/strong>S\u00f8ren Fr\u00f8lund<\/p>\n<p><strong>DURATION:<\/strong>Teaching lessons of \"75 min, number of lessons vary from season to season<\/p>\n<p>PRIS: 60 kr pr. lektion<\/p>\n<p>TILMELDING: Du kan tilmelde dig og betale her&gt;&gt;<\/p>\n<p>LOKATION: Salsa Viborg c\/o 10&#8217;eren, Rughavevej 2, 8800 Viborg<\/p>\n<p><!-- \/wp:paragraph --><\/p>\n<p><!-- wp:paragraph --><\/p><\/p>\n<\/div><div class=\"fusion-clearfix\"><\/div><\/div><\/div><\/div><\/div><div class=\"fusion-fullwidth fullwidth-box fusion-builder-row-3 nonhundred-percent-fullwidth non-hundred-percent-height-scrolling\" style=\"--awb-border-radius-top-left:0px;--awb-border-radius-top-right:0px;--awb-border-radius-bottom-right:0px;--awb-border-radius-bottom-left:0px;--awb-padding-top:50px;--awb-padding-bottom:0px;--awb-background-color:#e9eaee;--awb-flex-wrap:wrap;\" ><div class=\"fusion-builder-row fusion-row\"><div class=\"fusion-layout-column fusion_builder_column fusion-builder-column-3 fusion_builder_column_1_2 1_2 fusion-one-half fusion-column-first\" style=\"--awb-bg-size:cover;width:48%; margin-right: 4%;\"><div class=\"fusion-column-wrapper fusion-column-has-shadow fusion-flex-column-wrapper-legacy\"><div class=\"fusion-text fusion-text-4\"><p> <span class=\"fusion-dropcap dropcap\">S<\/span>\u00f8ren Fr\u00f8lund has danced salsa since the mid-80s and is very inspired by the Cuban culture. He has many Cuba travels on his CV and among other things from there, he has a deep insight into and understanding of the Cuban salsa.<\/p>\n<p>He enjoys sharing his experiences and he is a super talented instructor who is able to explain and transfer the very basic qualities of Cuban salsa.<\/p>\n<p>S\u00f8ren's teaching is always festive and time flies<\/p>\n<p><!-- \/wp:paragraph --><\/p>\n<p><!-- wp:paragraph --><\/p>\n<p>&nbsp;<\/p>\n<\/div><div class=\"fusion-clearfix\"><\/div><\/div><\/div><div class=\"fusion-layout-column fusion_builder_column fusion-builder-column-4 fusion_builder_column_1_2 1_2 fusion-one-half fusion-column-last\" style=\"--awb-bg-size:cover;width:48%;\"><div class=\"fusion-column-wrapper fusion-column-has-shadow fusion-flex-column-wrapper-legacy\"><div class=\"fusion-text fusion-text-5\"><p><img data-recalc-dims=\"1\" decoding=\"async\" class=\"size-medium wp-image-1326 alignleft\" src=\"https:\/\/i0.wp.com\/cp13.nordicway.dk\/~salsavib\/wp-content\/uploads\/2019\/04\/S%C3%B8ren.jpg?resize=636%2C718&#038;ssl=1\" alt=\"Salsainstrukt\u00f8r S\u00f8ren Fr\u00f8lund\" width=\"636\" height=\"718\" \/><\/p>\n<p>&nbsp;<\/p>\n<\/div><div class=\"fusion-clearfix\"><\/div><\/div><\/div><\/div><\/div>\n<div class=\"fusion-fullwidth fullwidth-box fusion-builder-row-4 nonhundred-percent-fullwidth non-hundred-percent-height-scrolling\" style=\"--awb-border-radius-top-left:0px;--awb-border-radius-top-right:0px;--awb-border-radius-bottom-right:0px;--awb-border-radius-bottom-left:0px;--awb-padding-top:50px;--awb-padding-bottom:50px;--awb-border-sizes-top:37px;--awb-border-sizes-bottom:37px;--awb-flex-wrap:wrap;\" ><div class=\"fusion-builder-row fusion-row\"><div class=\"fusion-layout-column fusion_builder_column fusion-builder-column-5 fusion_builder_column_1_1 1_1 fusion-one-full fusion-column-first fusion-column-last\" style=\"--awb-bg-size:cover;\"><div class=\"fusion-column-wrapper fusion-flex-column-wrapper-legacy\"><div class=\"fusion-text fusion-text-6\"><h3><span class=\"fusion-dropcap dropcap\">T<\/span>he practical<\/h3>\n<p>Prisen pr. session er 60 kr., men betales som et samlet bel\u00f8b for hele s\u00e6sonen.<\/p>\n<p>To join the class you must:<\/p>\n<ol>\n<li>Sign up at <a href=\"https:\/\/salsaviborg.nemtilmeld.dk\/\"><u>https:\/\/salsaviborg.nemtilmeld.dk\/<\/u><\/a><\/li>\n<li>Remember to list the right team and your gender<\/li>\n<li>We confirm your deposit and registration<\/li>\n<\/ol>\n<p>First served basis:<br \/>We reserve the right to close the class for women if the gender distribution becomes too skewed. There is priority for current team members. If you come as a couple, you are guaranteed a seat.<\/p>\n<p>If you wish to become a member of the association to continue on a permanent team, this costs DKK 50, - per year. Thus, you can also participate in our extraordinary events that take place all year round. You can read more about our activities here: <a href=\"https:\/\/cp13.nordicway.dk\/~salsavib\/en\/kalender\/\" target=\"_blank\" rel=\"noopener noreferrer\">here&gt;&gt;<\/a><\/p>\n<p>Once you have paid the participant fee for the class, we are unfortunately unable to refund the money. Not even if you regret, or don't have the opportunity to go to the class anyway. Only if there is no room in the class or the class is not set up will you get the participant fee returned.<\/p>\n<p>Visit our Facebook page and Facebook group here: <a href=\"https:\/\/www.facebook.com\/salsaviborg\/\"><u>https:\/\/www.facebook.com\/salsaviborg\/<\/u><\/a>\u00a0and <a href=\"https:\/\/www.facebook.com\/groups\/562205250534457\/\"><u>https:\/\/www.facebook.com\/groups\/562205250534457\/<\/u><\/a><\/p>\n<\/div><div class=\"fusion-clearfix\"><\/div><\/div><\/div><\/div><\/div>","protected":false},"excerpt":{"rendered":"","protected":false},"author":1,"featured_media":0,"parent":646,"menu_order":2,"comment_status":"closed","ping_status":"closed","template":"","meta":{"jetpack_post_was_ever_published":false,"footnotes":""},"class_list":["post-12","page","type-page","status-publish","hentry"],"yoast_head":"<!-- This site is optimized with the Yoast SEO plugin v27.4 - https:\/\/yoast.com\/product\/yoast-seo-wordpress\/ -->\n<title>Improver holdet - Salsa Viborg<\/title>\n<meta name=\"robots\" content=\"index, follow, max-snippet:-1, max-image-preview:large, max-video-preview:-1\" \/>\n<link rel=\"canonical\" href=\"https:\/\/cp13.nordicway.dk\/~salsavib\/en\/salsa-hold-i-flere-niveauer\/improver-holdet\/\" \/>\n<meta property=\"og:locale\" content=\"en_US\" \/>\n<meta property=\"og:type\" content=\"article\" \/>\n<meta property=\"og:title\" content=\"Improver holdet - Salsa Viborg\" \/>\n<meta property=\"og:url\" content=\"https:\/\/cp13.nordicway.dk\/~salsavib\/en\/salsa-hold-i-flere-niveauer\/improver-holdet\/\" \/>\n<meta property=\"og:site_name\" content=\"Salsa Viborg\" \/>\n<meta property=\"article:publisher\" content=\"https:\/\/www.facebook.com\/salsaviborg\/\" \/>\n<meta property=\"article:modified_time\" content=\"2020-02-12T11:29:28+00:00\" \/>\n<meta name=\"twitter:card\" content=\"summary_large_image\" \/>\n<meta name=\"twitter:label1\" content=\"Est. reading time\" \/>\n\t<meta name=\"twitter:data1\" content=\"5 minutes\" \/>\n<script type=\"application\/ld+json\" class=\"yoast-schema-graph\">{\"@context\":\"https:\\\/\\\/schema.org\",\"@graph\":[{\"@type\":\"WebPage\",\"@id\":\"https:\\\/\\\/cp13.nordicway.dk\\\/~salsavib\\\/salsa-hold-i-flere-niveauer\\\/improver-holdet\\\/\",\"url\":\"https:\\\/\\\/cp13.nordicway.dk\\\/~salsavib\\\/salsa-hold-i-flere-niveauer\\\/improver-holdet\\\/\",\"name\":\"Improver holdet - Salsa Viborg\",\"isPartOf\":{\"@id\":\"https:\\\/\\\/cp13.nordicway.dk\\\/~salsavib\\\/#website\"},\"datePublished\":\"2019-04-13T16:22:37+00:00\",\"dateModified\":\"2020-02-12T11:29:28+00:00\",\"breadcrumb\":{\"@id\":\"https:\\\/\\\/cp13.nordicway.dk\\\/~salsavib\\\/salsa-hold-i-flere-niveauer\\\/improver-holdet\\\/#breadcrumb\"},\"inLanguage\":\"en-US\",\"potentialAction\":[{\"@type\":\"ReadAction\",\"target\":[\"https:\\\/\\\/cp13.nordicway.dk\\\/~salsavib\\\/salsa-hold-i-flere-niveauer\\\/improver-holdet\\\/\"]}]},{\"@type\":\"BreadcrumbList\",\"@id\":\"https:\\\/\\\/cp13.nordicway.dk\\\/~salsavib\\\/salsa-hold-i-flere-niveauer\\\/improver-holdet\\\/#breadcrumb\",\"itemListElement\":[{\"@type\":\"ListItem\",\"position\":1,\"name\":\"Hjem\",\"item\":\"https:\\\/\\\/cp13.nordicway.dk\\\/~salsavib\\\/\"},{\"@type\":\"ListItem\",\"position\":2,\"name\":\"Danse hold\",\"item\":\"https:\\\/\\\/cp13.nordicway.dk\\\/~salsavib\\\/salsa-hold-i-flere-niveauer\\\/\"},{\"@type\":\"ListItem\",\"position\":3,\"name\":\"Improver holdet\"}]},{\"@type\":\"WebSite\",\"@id\":\"https:\\\/\\\/cp13.nordicway.dk\\\/~salsavib\\\/#website\",\"url\":\"https:\\\/\\\/cp13.nordicway.dk\\\/~salsavib\\\/\",\"name\":\"Salsa Viborg\",\"description\":\"Undervisnings tilbud salsa p\u00e5 begynder, improver, let \u00f8vet og \u00f8vet hold\",\"publisher\":{\"@id\":\"https:\\\/\\\/cp13.nordicway.dk\\\/~salsavib\\\/#organization\"},\"potentialAction\":[{\"@type\":\"SearchAction\",\"target\":{\"@type\":\"EntryPoint\",\"urlTemplate\":\"https:\\\/\\\/cp13.nordicway.dk\\\/~salsavib\\\/?s={search_term_string}\"},\"query-input\":{\"@type\":\"PropertyValueSpecification\",\"valueRequired\":true,\"valueName\":\"search_term_string\"}}],\"inLanguage\":\"en-US\"},{\"@type\":\"Organization\",\"@id\":\"https:\\\/\\\/cp13.nordicway.dk\\\/~salsavib\\\/#organization\",\"name\":\"Salsa Viborg\",\"url\":\"https:\\\/\\\/cp13.nordicway.dk\\\/~salsavib\\\/\",\"logo\":{\"@type\":\"ImageObject\",\"inLanguage\":\"en-US\",\"@id\":\"https:\\\/\\\/cp13.nordicway.dk\\\/~salsavib\\\/#\\\/schema\\\/logo\\\/image\\\/\",\"url\":\"https:\\\/\\\/i2.wp.com\\\/salsaviborg.dk\\\/wp-content\\\/uploads\\\/2019\\\/04\\\/salsa.jpg?fit=850%2C310&ssl=1\",\"contentUrl\":\"https:\\\/\\\/i2.wp.com\\\/salsaviborg.dk\\\/wp-content\\\/uploads\\\/2019\\\/04\\\/salsa.jpg?fit=850%2C310&ssl=1\",\"width\":850,\"height\":310,\"caption\":\"Salsa Viborg\"},\"image\":{\"@id\":\"https:\\\/\\\/cp13.nordicway.dk\\\/~salsavib\\\/#\\\/schema\\\/logo\\\/image\\\/\"},\"sameAs\":[\"https:\\\/\\\/www.facebook.com\\\/salsaviborg\\\/\"]}]}<\/script>\n<!-- \/ Yoast SEO plugin. -->","yoast_head_json":{"title":"Improver holdet - Salsa Viborg","robots":{"index":"index","follow":"follow","max-snippet":"max-snippet:-1","max-image-preview":"max-image-preview:large","max-video-preview":"max-video-preview:-1"},"canonical":"https:\/\/cp13.nordicway.dk\/~salsavib\/en\/salsa-hold-i-flere-niveauer\/improver-holdet\/","og_locale":"en_US","og_type":"article","og_title":"Improver holdet - Salsa Viborg","og_url":"https:\/\/cp13.nordicway.dk\/~salsavib\/en\/salsa-hold-i-flere-niveauer\/improver-holdet\/","og_site_name":"Salsa Viborg","article_publisher":"https:\/\/www.facebook.com\/salsaviborg\/","article_modified_time":"2020-02-12T11:29:28+00:00","twitter_card":"summary_large_image","twitter_misc":{"Est. reading time":"5 minutes"},"schema":{"@context":"https:\/\/schema.org","@graph":[{"@type":"WebPage","@id":"https:\/\/cp13.nordicway.dk\/~salsavib\/salsa-hold-i-flere-niveauer\/improver-holdet\/","url":"https:\/\/cp13.nordicway.dk\/~salsavib\/salsa-hold-i-flere-niveauer\/improver-holdet\/","name":"Improver holdet - Salsa Viborg","isPartOf":{"@id":"https:\/\/cp13.nordicway.dk\/~salsavib\/#website"},"datePublished":"2019-04-13T16:22:37+00:00","dateModified":"2020-02-12T11:29:28+00:00","breadcrumb":{"@id":"https:\/\/cp13.nordicway.dk\/~salsavib\/salsa-hold-i-flere-niveauer\/improver-holdet\/#breadcrumb"},"inLanguage":"en-US","potentialAction":[{"@type":"ReadAction","target":["https:\/\/cp13.nordicway.dk\/~salsavib\/salsa-hold-i-flere-niveauer\/improver-holdet\/"]}]},{"@type":"BreadcrumbList","@id":"https:\/\/cp13.nordicway.dk\/~salsavib\/salsa-hold-i-flere-niveauer\/improver-holdet\/#breadcrumb","itemListElement":[{"@type":"ListItem","position":1,"name":"Hjem","item":"https:\/\/cp13.nordicway.dk\/~salsavib\/"},{"@type":"ListItem","position":2,"name":"Danse hold","item":"https:\/\/cp13.nordicway.dk\/~salsavib\/salsa-hold-i-flere-niveauer\/"},{"@type":"ListItem","position":3,"name":"Improver holdet"}]},{"@type":"WebSite","@id":"https:\/\/cp13.nordicway.dk\/~salsavib\/#website","url":"https:\/\/cp13.nordicway.dk\/~salsavib\/","name":"Salsa Viborg","description":"Undervisnings tilbud salsa p\u00e5 begynder, improver, let \u00f8vet og \u00f8vet hold","publisher":{"@id":"https:\/\/cp13.nordicway.dk\/~salsavib\/#organization"},"potentialAction":[{"@type":"SearchAction","target":{"@type":"EntryPoint","urlTemplate":"https:\/\/cp13.nordicway.dk\/~salsavib\/?s={search_term_string}"},"query-input":{"@type":"PropertyValueSpecification","valueRequired":true,"valueName":"search_term_string"}}],"inLanguage":"en-US"},{"@type":"Organization","@id":"https:\/\/cp13.nordicway.dk\/~salsavib\/#organization","name":"Salsa Viborg","url":"https:\/\/cp13.nordicway.dk\/~salsavib\/","logo":{"@type":"ImageObject","inLanguage":"en-US","@id":"https:\/\/cp13.nordicway.dk\/~salsavib\/#\/schema\/logo\/image\/","url":"https:\/\/i2.wp.com\/salsaviborg.dk\/wp-content\/uploads\/2019\/04\/salsa.jpg?fit=850%2C310&ssl=1","contentUrl":"https:\/\/i2.wp.com\/salsaviborg.dk\/wp-content\/uploads\/2019\/04\/salsa.jpg?fit=850%2C310&ssl=1","width":850,"height":310,"caption":"Salsa Viborg"},"image":{"@id":"https:\/\/cp13.nordicway.dk\/~salsavib\/#\/schema\/logo\/image\/"},"sameAs":["https:\/\/www.facebook.com\/salsaviborg\/"]}]}},"jetpack_sharing_enabled":true,"jetpack_shortlink":"https:\/\/wp.me\/PaU1be-c","jetpack_likes_enabled":true,"_links":{"self":[{"href":"https:\/\/cp13.nordicway.dk\/~salsavib\/en\/wp-json\/wp\/v2\/pages\/12","targetHints":{"allow":["GET"]}}],"collection":[{"href":"https:\/\/cp13.nordicway.dk\/~salsavib\/en\/wp-json\/wp\/v2\/pages"}],"about":[{"href":"https:\/\/cp13.nordicway.dk\/~salsavib\/en\/wp-json\/wp\/v2\/types\/page"}],"author":[{"embeddable":true,"href":"https:\/\/cp13.nordicway.dk\/~salsavib\/en\/wp-json\/wp\/v2\/users\/1"}],"replies":[{"embeddable":true,"href":"https:\/\/cp13.nordicway.dk\/~salsavib\/en\/wp-json\/wp\/v2\/comments?post=12"}],"version-history":[{"count":14,"href":"https:\/\/cp13.nordicway.dk\/~salsavib\/en\/wp-json\/wp\/v2\/pages\/12\/revisions"}],"predecessor-version":[{"id":1927,"href":"https:\/\/cp13.nordicway.dk\/~salsavib\/en\/wp-json\/wp\/v2\/pages\/12\/revisions\/1927"}],"up":[{"embeddable":true,"href":"https:\/\/cp13.nordicway.dk\/~salsavib\/en\/wp-json\/wp\/v2\/pages\/646"}],"wp:attachment":[{"href":"https:\/\/cp13.nordicway.dk\/~salsavib\/en\/wp-json\/wp\/v2\/media?parent=12"}],"curies":[{"name":"wp","href":"https:\/\/api.w.org\/{rel}","templated":true}]}}