{"id":1481,"date":"2019-04-16T19:38:04","date_gmt":"2019-04-16T17:38:04","guid":{"rendered":"https:\/\/cp13.nordicway.dk\/~salsavib\/?page_id=1481"},"modified":"2023-06-26T14:13:12","modified_gmt":"2023-06-26T12:13:12","slug":"om-salsa-viborg-2","status":"publish","type":"page","link":"https:\/\/cp13.nordicway.dk\/~salsavib\/en\/om-salsa-viborg-2\/","title":{"rendered":"About Salsa Viborg"},"content":{"rendered":"<div class=\"fusion-fullwidth fullwidth-box fusion-builder-row-1 nonhundred-percent-fullwidth non-hundred-percent-height-scrolling\" style=\"--awb-border-radius-top-left:0px;--awb-border-radius-top-right:0px;--awb-border-radius-bottom-right:0px;--awb-border-radius-bottom-left:0px;--awb-flex-wrap:wrap;\" ><div class=\"fusion-builder-row fusion-row\"><div class=\"fusion-layout-column fusion_builder_column fusion-builder-column-0 fusion_builder_column_1_1 1_1 fusion-one-full fusion-column-first fusion-column-last\" style=\"--awb-bg-size:cover;\"><div class=\"fusion-column-wrapper fusion-column-has-shadow fusion-flex-column-wrapper-legacy\"><div class=\"fusion-text fusion-text-1\"><h3 data-fontsize=\"24\" data-lineheight=\"36px\" class=\"fusion-responsive-typography-calculated\" style=\"--fontSize: 24; line-height: 1.5;\"><span class=\"fusion-dropcap dropcap\">S<\/span>alsa Viborg<\/h3>\n<p>Salsa Viborg is an association founded on February 7, 2015 in Viborg.<br \/>\nThe purpose of Salsa Viborg is to convey and promote the knowledge and culture of salsa dance and related Latin American dances, as well as to establish and promote a well-functioning salsa environment in Viborg and the surrounding area. Also read the Association's Articles of Association here: Articles of Association Salsa<\/p>\n<p>Viborg Salsa Viborg holder fast til p\u00e5 Rughavevej 2A, 8800 Viborg <\/p>\n<p>Foreningens bestyrelse best\u00e5r af syv medlemmer:  <br \/>Rikke Donnerup, Sanni Dalsgaard, Hans Rytter (Formand), Lotte Vestergaard (Kasserer), Janne B Danholt, Jesper Andersen og Kim Borup.<\/p>\n<h3 data-fontsize=\"24\" data-lineheight=\"36px\" class=\"fusion-responsive-typography-calculated\" style=\"--fontSize: 24; line-height: 1.5;\"><span class=\"fusion-dropcap dropcap\">S<\/span>alsa classes (and bachata) \u2013 class levels<\/h3>\n<ul>\n<li>Begynderhold (1) : For dig, der ikke har danset cubansk salsa f\u00f8r eller blot har danset til drop-in hold (https:\/\/cp13.nordicway.dk\/~salsavib\/begynderhold\/)<\/li>\n<li>Improver (2) : For dig, der kan grundtrin og de fleste basisfigurer (https:\/\/cp13.nordicway.dk\/~salsavib\/improver-hold\/)<\/li>\n<li>Let\u00f8vet (3) : For dig, der er sikker i grundtrin og basisfigurer (https:\/\/cp13.nordicway.dk\/~salsavib\/letovet-hold\/)<\/li>\n<li>\u00d8vet (4) : For dig, der er meget sikker i b\u00e5de din stil og l\u00e6ngere figurer (https:\/\/cp13.nordicway.dk\/~salsavib\/ovet-hold\/)<\/li>\n<li>Bachata \u2013 Begynderhold <\/li>\n<li>Bachata - improver: for those who already have experience with bachata. The basic steps must be in place and the dancers must be able to follow the rhythm of various slow and medium speed songs.<\/li>\n<\/ul>\n<p>If you have doubts about your level, you can ask the teacher on the respective team where he \/ she thinks you belong,<\/p>\n<h3 data-fontsize=\"24\" data-lineheight=\"36px\" class=\"fusion-responsive-typography-calculated\" style=\"--fontSize: 24; line-height: 1.5;\"><span class=\"fusion-dropcap dropcap\">C<\/span>lass registration<\/h3>\n<p>To join the class's you must:<\/p>\n<ul>\n<li>Go to www.salsaviborg.nemtilmeld.dk<\/li>\n<li>Click \u201cL\u00e6s mere\u201d<\/li>\n<li>Choose your class and your gender<\/li>\n<li>Select \"Medlemsskab af Salsa Viborg\" under \"Till\u00e6gsydelser\", if you have not paid the membership fee<\/li>\n<li>Click \u201cStart tilmelding\u201d and follow the instructions<\/li>\n<\/ul>\n<h3 data-fontsize=\"24\" data-lineheight=\"36px\" class=\"fusion-responsive-typography-calculated\" style=\"--fontSize: 24; line-height: 1.5;\"><\/h3>\n<h3 data-fontsize=\"24\" data-lineheight=\"36px\" class=\"fusion-responsive-typography-calculated\" style=\"--fontSize: 24; line-height: 1.5;\"><span class=\"fusion-dropcap dropcap\">C<\/span>uban Salsa<\/h3>\n<p>The style of salsa that is danced and taught in Salsa Viborg is Cuban salsa.<\/p>\n<p>Cubansk salsa er en livsbekr\u00e6ftende pardans, hvor man l\u00f8bende skifter dansepartner og derfor kan man b\u00e5de komme alene eller som par.<\/p>\n<p>The basic steps and the first combinations are easy to learn, but with a long acquaintance with the salsa universe, you will time and time again marvel at the versatility and the incredible variety of possibilities that lie in the dance.<\/p>\n<h3 data-fontsize=\"24\" data-lineheight=\"36px\" class=\"fusion-responsive-typography-calculated\" style=\"--fontSize: 24; line-height: 1.5;\"><\/h3>\n<h3 data-fontsize=\"24\" data-lineheight=\"36px\" class=\"fusion-responsive-typography-calculated\" style=\"--fontSize: 24; line-height: 1.5;\"><span class=\"fusion-dropcap dropcap\">S<\/span>alsatek<\/h3>\n<p>Hver sidste fredag i m\u00e5neden kl. 20:00 \u2013 23:00 er der Salsatek samme sted som undervisningen. \u201cSalsatek\u201d er salsaens svar p\u00e5 et \u201cdiskotek\u201d. Stemningen er afslappet og festlig, og der er mulighed for at k\u00f8be drikkevarer. Det er gratis at deltage.<\/p>\n<h3 data-fontsize=\"24\" data-lineheight=\"36px\" class=\"fusion-responsive-typography-calculated\" style=\"--fontSize: 24; line-height: 1.5;\"><\/h3>\n<h3 data-fontsize=\"24\" data-lineheight=\"36px\" class=\"fusion-responsive-typography-calculated\" style=\"--fontSize: 24; line-height: 1.5;\"><span class=\"fusion-dropcap dropcap\">B<\/span>achata<\/h3>\n<p>Det er ikke i alle s\u00e6soner vi kan stille alle hold med Bachata, du finde dem inde p\u00e5 Nemtilmeld ogs\u00e5.<\/p>\n<p>Bachata originated in the rural areas of the Dominican Republic and in recent years has quickly become one of the most popular Latin American dance genres.<\/p>\n<p>At Salsa Viborg's bachata class we combine Dominican style with the sensual and modern style, so dancers get a general sense of how bachata is danced globally.<\/p>\n<p>Musicality, footwork, waves, leads, signs and body movements will be taught.<\/p>\n<\/div><div class=\"fusion-clearfix\"><\/div><\/div><\/div><\/div><\/div>","protected":false},"excerpt":{"rendered":"","protected":false},"author":1,"featured_media":0,"parent":0,"menu_order":0,"comment_status":"closed","ping_status":"closed","template":"","meta":{"jetpack_post_was_ever_published":false,"footnotes":""},"class_list":["post-1481","page","type-page","status-publish","hentry"],"yoast_head":"<!-- This site is optimized with the Yoast SEO plugin v27.5 - https:\/\/yoast.com\/product\/yoast-seo-wordpress\/ -->\n<title>Om Salsa Viborg - Salsa Viborg<\/title>\n<meta name=\"robots\" content=\"index, follow, max-snippet:-1, max-image-preview:large, max-video-preview:-1\" \/>\n<link rel=\"canonical\" href=\"https:\/\/cp13.nordicway.dk\/~salsavib\/en\/om-salsa-viborg-2\/\" \/>\n<meta property=\"og:locale\" content=\"en_US\" \/>\n<meta property=\"og:type\" content=\"article\" \/>\n<meta property=\"og:title\" content=\"Om Salsa Viborg - Salsa Viborg\" \/>\n<meta property=\"og:url\" content=\"https:\/\/cp13.nordicway.dk\/~salsavib\/en\/om-salsa-viborg-2\/\" \/>\n<meta property=\"og:site_name\" content=\"Salsa Viborg\" \/>\n<meta property=\"article:publisher\" content=\"https:\/\/www.facebook.com\/salsaviborg\/\" \/>\n<meta property=\"article:modified_time\" content=\"2023-06-26T12:13:12+00:00\" \/>\n<meta name=\"twitter:card\" content=\"summary_large_image\" \/>\n<meta name=\"twitter:label1\" content=\"Est. reading time\" \/>\n\t<meta name=\"twitter:data1\" content=\"4 minutes\" \/>\n<script type=\"application\/ld+json\" class=\"yoast-schema-graph\">{\"@context\":\"https:\\\/\\\/schema.org\",\"@graph\":[{\"@type\":\"WebPage\",\"@id\":\"https:\\\/\\\/cp13.nordicway.dk\\\/~salsavib\\\/om-salsa-viborg-2\\\/\",\"url\":\"https:\\\/\\\/cp13.nordicway.dk\\\/~salsavib\\\/om-salsa-viborg-2\\\/\",\"name\":\"Om Salsa Viborg - Salsa Viborg\",\"isPartOf\":{\"@id\":\"https:\\\/\\\/cp13.nordicway.dk\\\/~salsavib\\\/#website\"},\"datePublished\":\"2019-04-16T17:38:04+00:00\",\"dateModified\":\"2023-06-26T12:13:12+00:00\",\"breadcrumb\":{\"@id\":\"https:\\\/\\\/cp13.nordicway.dk\\\/~salsavib\\\/om-salsa-viborg-2\\\/#breadcrumb\"},\"inLanguage\":\"en-US\",\"potentialAction\":[{\"@type\":\"ReadAction\",\"target\":[\"https:\\\/\\\/cp13.nordicway.dk\\\/~salsavib\\\/om-salsa-viborg-2\\\/\"]}]},{\"@type\":\"BreadcrumbList\",\"@id\":\"https:\\\/\\\/cp13.nordicway.dk\\\/~salsavib\\\/om-salsa-viborg-2\\\/#breadcrumb\",\"itemListElement\":[{\"@type\":\"ListItem\",\"position\":1,\"name\":\"Hjem\",\"item\":\"https:\\\/\\\/cp13.nordicway.dk\\\/~salsavib\\\/\"},{\"@type\":\"ListItem\",\"position\":2,\"name\":\"Om Salsa Viborg\"}]},{\"@type\":\"WebSite\",\"@id\":\"https:\\\/\\\/cp13.nordicway.dk\\\/~salsavib\\\/#website\",\"url\":\"https:\\\/\\\/cp13.nordicway.dk\\\/~salsavib\\\/\",\"name\":\"Salsa Viborg\",\"description\":\"Undervisnings tilbud salsa p\u00e5 begynder, improver, let \u00f8vet og \u00f8vet hold\",\"publisher\":{\"@id\":\"https:\\\/\\\/cp13.nordicway.dk\\\/~salsavib\\\/#organization\"},\"potentialAction\":[{\"@type\":\"SearchAction\",\"target\":{\"@type\":\"EntryPoint\",\"urlTemplate\":\"https:\\\/\\\/cp13.nordicway.dk\\\/~salsavib\\\/?s={search_term_string}\"},\"query-input\":{\"@type\":\"PropertyValueSpecification\",\"valueRequired\":true,\"valueName\":\"search_term_string\"}}],\"inLanguage\":\"en-US\"},{\"@type\":\"Organization\",\"@id\":\"https:\\\/\\\/cp13.nordicway.dk\\\/~salsavib\\\/#organization\",\"name\":\"Salsa Viborg\",\"url\":\"https:\\\/\\\/cp13.nordicway.dk\\\/~salsavib\\\/\",\"logo\":{\"@type\":\"ImageObject\",\"inLanguage\":\"en-US\",\"@id\":\"https:\\\/\\\/cp13.nordicway.dk\\\/~salsavib\\\/#\\\/schema\\\/logo\\\/image\\\/\",\"url\":\"https:\\\/\\\/i2.wp.com\\\/salsaviborg.dk\\\/wp-content\\\/uploads\\\/2019\\\/04\\\/salsa.jpg?fit=850%2C310&ssl=1\",\"contentUrl\":\"https:\\\/\\\/i2.wp.com\\\/salsaviborg.dk\\\/wp-content\\\/uploads\\\/2019\\\/04\\\/salsa.jpg?fit=850%2C310&ssl=1\",\"width\":850,\"height\":310,\"caption\":\"Salsa Viborg\"},\"image\":{\"@id\":\"https:\\\/\\\/cp13.nordicway.dk\\\/~salsavib\\\/#\\\/schema\\\/logo\\\/image\\\/\"},\"sameAs\":[\"https:\\\/\\\/www.facebook.com\\\/salsaviborg\\\/\"]}]}<\/script>\n<!-- \/ Yoast SEO plugin. -->","yoast_head_json":{"title":"Om Salsa Viborg - Salsa Viborg","robots":{"index":"index","follow":"follow","max-snippet":"max-snippet:-1","max-image-preview":"max-image-preview:large","max-video-preview":"max-video-preview:-1"},"canonical":"https:\/\/cp13.nordicway.dk\/~salsavib\/en\/om-salsa-viborg-2\/","og_locale":"en_US","og_type":"article","og_title":"Om Salsa Viborg - Salsa Viborg","og_url":"https:\/\/cp13.nordicway.dk\/~salsavib\/en\/om-salsa-viborg-2\/","og_site_name":"Salsa Viborg","article_publisher":"https:\/\/www.facebook.com\/salsaviborg\/","article_modified_time":"2023-06-26T12:13:12+00:00","twitter_card":"summary_large_image","twitter_misc":{"Est. reading time":"4 minutes"},"schema":{"@context":"https:\/\/schema.org","@graph":[{"@type":"WebPage","@id":"https:\/\/cp13.nordicway.dk\/~salsavib\/om-salsa-viborg-2\/","url":"https:\/\/cp13.nordicway.dk\/~salsavib\/om-salsa-viborg-2\/","name":"Om Salsa Viborg - Salsa Viborg","isPartOf":{"@id":"https:\/\/cp13.nordicway.dk\/~salsavib\/#website"},"datePublished":"2019-04-16T17:38:04+00:00","dateModified":"2023-06-26T12:13:12+00:00","breadcrumb":{"@id":"https:\/\/cp13.nordicway.dk\/~salsavib\/om-salsa-viborg-2\/#breadcrumb"},"inLanguage":"en-US","potentialAction":[{"@type":"ReadAction","target":["https:\/\/cp13.nordicway.dk\/~salsavib\/om-salsa-viborg-2\/"]}]},{"@type":"BreadcrumbList","@id":"https:\/\/cp13.nordicway.dk\/~salsavib\/om-salsa-viborg-2\/#breadcrumb","itemListElement":[{"@type":"ListItem","position":1,"name":"Hjem","item":"https:\/\/cp13.nordicway.dk\/~salsavib\/"},{"@type":"ListItem","position":2,"name":"Om Salsa Viborg"}]},{"@type":"WebSite","@id":"https:\/\/cp13.nordicway.dk\/~salsavib\/#website","url":"https:\/\/cp13.nordicway.dk\/~salsavib\/","name":"Salsa Viborg","description":"Undervisnings tilbud salsa p\u00e5 begynder, improver, let \u00f8vet og \u00f8vet hold","publisher":{"@id":"https:\/\/cp13.nordicway.dk\/~salsavib\/#organization"},"potentialAction":[{"@type":"SearchAction","target":{"@type":"EntryPoint","urlTemplate":"https:\/\/cp13.nordicway.dk\/~salsavib\/?s={search_term_string}"},"query-input":{"@type":"PropertyValueSpecification","valueRequired":true,"valueName":"search_term_string"}}],"inLanguage":"en-US"},{"@type":"Organization","@id":"https:\/\/cp13.nordicway.dk\/~salsavib\/#organization","name":"Salsa Viborg","url":"https:\/\/cp13.nordicway.dk\/~salsavib\/","logo":{"@type":"ImageObject","inLanguage":"en-US","@id":"https:\/\/cp13.nordicway.dk\/~salsavib\/#\/schema\/logo\/image\/","url":"https:\/\/i2.wp.com\/salsaviborg.dk\/wp-content\/uploads\/2019\/04\/salsa.jpg?fit=850%2C310&ssl=1","contentUrl":"https:\/\/i2.wp.com\/salsaviborg.dk\/wp-content\/uploads\/2019\/04\/salsa.jpg?fit=850%2C310&ssl=1","width":850,"height":310,"caption":"Salsa Viborg"},"image":{"@id":"https:\/\/cp13.nordicway.dk\/~salsavib\/#\/schema\/logo\/image\/"},"sameAs":["https:\/\/www.facebook.com\/salsaviborg\/"]}]}},"jetpack_sharing_enabled":true,"jetpack_shortlink":"https:\/\/wp.me\/PaU1be-nT","jetpack_likes_enabled":true,"_links":{"self":[{"href":"https:\/\/cp13.nordicway.dk\/~salsavib\/en\/wp-json\/wp\/v2\/pages\/1481","targetHints":{"allow":["GET"]}}],"collection":[{"href":"https:\/\/cp13.nordicway.dk\/~salsavib\/en\/wp-json\/wp\/v2\/pages"}],"about":[{"href":"https:\/\/cp13.nordicway.dk\/~salsavib\/en\/wp-json\/wp\/v2\/types\/page"}],"author":[{"embeddable":true,"href":"https:\/\/cp13.nordicway.dk\/~salsavib\/en\/wp-json\/wp\/v2\/users\/1"}],"replies":[{"embeddable":true,"href":"https:\/\/cp13.nordicway.dk\/~salsavib\/en\/wp-json\/wp\/v2\/comments?post=1481"}],"version-history":[{"count":11,"href":"https:\/\/cp13.nordicway.dk\/~salsavib\/en\/wp-json\/wp\/v2\/pages\/1481\/revisions"}],"predecessor-version":[{"id":1970,"href":"https:\/\/cp13.nordicway.dk\/~salsavib\/en\/wp-json\/wp\/v2\/pages\/1481\/revisions\/1970"}],"wp:attachment":[{"href":"https:\/\/cp13.nordicway.dk\/~salsavib\/en\/wp-json\/wp\/v2\/media?parent=1481"}],"curies":[{"name":"wp","href":"https:\/\/api.w.org\/{rel}","templated":true}]}}