{"id":15,"date":"2019-04-13T18:26:51","date_gmt":"2019-04-13T16:26:51","guid":{"rendered":"https:\/\/cp13.nordicway.dk\/~salsavib\/?page_id=15"},"modified":"2020-02-12T12:29:57","modified_gmt":"2020-02-12T11:29:57","slug":"let-oevet","status":"publish","type":"page","link":"https:\/\/cp13.nordicway.dk\/~salsavib\/en\/salsa-hold-i-flere-niveauer\/let-oevet\/","title":{"rendered":"Intermediate Class"},"content":{"rendered":"<div class=\"fusion-bg-parallax\" data-bg-align=\"right bottom\" data-direction=\"up\" data-mute=\"false\" data-opacity=\"100\" data-velocity=\"-0.2\" data-mobile-enabled=\"false\" data-break_parents=\"0\" data-bg-image=\"https:\/\/cp13.nordicway.dk\/~salsavib\/wp-content\/uploads\/2019\/04\/letovet-hold-1-246x300.png\" data-bg-repeat=\"false\" ><\/div><div class=\"fusion-fullwidth fullwidth-box fusion-builder-row-1 fusion-parallax-up nonhundred-percent-fullwidth non-hundred-percent-height-scrolling\" style=\"--awb-background-position:right bottom;--awb-border-radius-top-left:0px;--awb-border-radius-top-right:0px;--awb-border-radius-bottom-right:0px;--awb-border-radius-bottom-left:0px;--awb-padding-top:0px;--awb-padding-bottom:200px;--awb-background-image:url(&quot;https:\/\/cp13.nordicway.dk\/~salsavib\/wp-content\/uploads\/2019\/04\/letovet-hold-1-246x300.png&quot;);--awb-background-size:cover;--awb-border-sizes-top:0px;--awb-border-sizes-bottom:0px;--awb-flex-wrap:wrap;\" ><div class=\"fusion-builder-row fusion-row\"><div class=\"fusion-layout-column fusion_builder_column fusion-builder-column-0 fusion_builder_column_1_2 1_2 fusion-one-half fusion-column-first\" style=\"--awb-bg-size:cover;\"><div class=\"fusion-column-wrapper fusion-column-has-shadow fusion-flex-column-wrapper-legacy\"><div class=\"fusion-text fusion-text-1\"><h2 style=\"color: #ffffff; padding-top: 50px;\">Intermediate class in Cuban Salsa<\/h2>\n<h3 style=\"color: #ffffff;\">w\/ Miguel Luna<\/h3>\n<\/div><div class=\"fusion-sep-clear\"><\/div><div class=\"fusion-separator fusion-full-width-sep\" style=\"margin-left: auto;margin-right: auto;margin-top:20px;width:100%;\"><\/div><div class=\"fusion-sep-clear\"><\/div><div class=\"fusion-button-wrapper\"><a class=\"fusion-button button-flat button-large button-custom fusion-button-default button-1 fusion-button-default-span\" style=\"--button_accent_color:#ffffff;--button_accent_hover_color:#ffffff;--button_border_hover_color:#ffffff;--button_border_width-top:2px;--button_border_width-right:2px;--button_border_width-bottom:2px;--button_border_width-left:2px;--button_gradient_top_color:rgba(255,255,255,0);--button_gradient_bottom_color:rgba(255,255,255,0);--button_gradient_top_color_hover:rgba(255,255,255,.1);--button_gradient_bottom_color_hover:rgba(255,255,255,.1);\" target=\"_blank\" rel=\"noopener noreferrer\" href=\"https:\/\/salsaviborg.nemtilmeld.dk\/\"><span class=\"fusion-button-text awb-button__text awb-button__text--default\">Sign up<\/span><\/a><\/div><div class=\"fusion-clearfix\"><\/div><\/div><\/div><\/div><\/div><div class=\"fusion-fullwidth fullwidth-box fusion-builder-row-2 nonhundred-percent-fullwidth non-hundred-percent-height-scrolling fusion-equal-height-columns\" style=\"--awb-border-radius-top-left:0px;--awb-border-radius-top-right:0px;--awb-border-radius-bottom-right:0px;--awb-border-radius-bottom-left:0px;--awb-padding-top:50px;--awb-padding-bottom:0px;--awb-flex-wrap:wrap;\" ><div class=\"fusion-builder-row fusion-row\"><div class=\"fusion-layout-column fusion_builder_column fusion-builder-column-1 fusion_builder_column_1_2 1_2 fusion-one-half fusion-column-first\" style=\"--awb-bg-size:cover;width:48%; margin-right: 4%;\"><div class=\"fusion-column-wrapper fusion-column-has-shadow fusion-flex-column-wrapper-legacy\"><div class=\"fusion-text fusion-text-2\"><p> <span class=\"fusion-dropcap dropcap\">A<\/span>t this intermediate course in Cuban salsa, Miguel Luna will continue to work on bodywork, footwork, music understanding, ordinary combinations and styling.<\/p>\n<p>Knowledge of basic steps, rhythm understanding and the common combinations in salsa are assumed.<\/p>\n<p>There is no condition to join as a couple - you can easily come alone.<\/p>\n<p><!-- \/wp:post-content --><\/p>\n<p><!-- wp:paragraph --><\/p>\n<p><!-- \/wp:paragraph --><\/p>\n<p><!-- wp:paragraph --><\/p>\n<p>You must be a member of the association Salsa Viborg to participate in the class. If you are not, it costs DKK 50 a year for membership:\u00a0<a href=\"https:\/\/salsaviborg.nemtilmeld.dk\/43\/\"><u>https:\/\/salsaviborg.nemtilmeld.dk\/43<\/u><\/a><\/p>\n<\/div><div class=\"fusion-clearfix\"><\/div><\/div><\/div><div class=\"fusion-layout-column fusion_builder_column fusion-builder-column-2 fusion_builder_column_1_2 1_2 fusion-one-half fusion-column-last\" style=\"--awb-bg-size:cover;width:48%;\"><div class=\"fusion-column-wrapper fusion-column-has-shadow fusion-flex-column-wrapper-legacy\"><div class=\"fusion-text fusion-text-3\"><p><strong>SALSA EXPERIENCE:<\/strong> Knowledge of basic steps, rhythm understanding and the common combinations in salsa are assumed<\/p>\n<p><strong>START: <\/strong>Tuesdays at. 18:15 to 19:30<\/p>\n<p><strong>INSTRUCTOR: <\/strong>Miguel Luna<\/p>\n<p><strong>DURATION:<\/strong>Teaching lessons of \"75 min, number of lessons vary from season to season<\/p>\n<p>PRIS: 60 kr pr. lektion<\/p>\n<p>TILMELDING: Du kan tilmelde dig og betale her&gt;&gt;<\/p>\n<p>LOKATION: Salsa Viborg c\/o 10&#8217;eren, Rughavevej 2, 8800 Viborg<\/p>\n<p><!-- \/wp:paragraph --><\/p>\n<p><!-- wp:paragraph --><\/p><\/p>\n<\/div><div class=\"fusion-clearfix\"><\/div><\/div><\/div><\/div><\/div><div class=\"fusion-fullwidth fullwidth-box fusion-builder-row-3 nonhundred-percent-fullwidth non-hundred-percent-height-scrolling\" style=\"--awb-border-radius-top-left:0px;--awb-border-radius-top-right:0px;--awb-border-radius-bottom-right:0px;--awb-border-radius-bottom-left:0px;--awb-padding-top:50px;--awb-padding-bottom:0px;--awb-background-color:#e9eaee;--awb-flex-wrap:wrap;\" ><div class=\"fusion-builder-row fusion-row\"><div class=\"fusion-layout-column fusion_builder_column fusion-builder-column-3 fusion_builder_column_1_2 1_2 fusion-one-half fusion-column-first\" style=\"--awb-bg-size:cover;width:48%; margin-right: 4%;\"><div class=\"fusion-column-wrapper fusion-column-has-shadow fusion-flex-column-wrapper-legacy\"><div class=\"fusion-text fusion-text-4\"><p> <span class=\"fusion-dropcap dropcap\">M<\/span>iguel Luna, comes from M\u00e1laga in Spain. He regularly teaches at various events in Aarhus and the surrounding area where he lives. Miguel has since 2014 taught \"Latin Dances\" in Horsens (Student Sports of VIA University College) and continues to do so. He has taught salsa in various places such as Fidel's, Cafe in Paradise, Rain, Rusk &amp; Rueda 2015.<\/p>\n<p>He began teaching various workshops in Salsa Viborg around April 2015 and subsequently began to teach the weekly classes as he does now.\u00a0<\/p>\n<p>He has prepared some simple choreographies for his dancers so that they can participate in various events such as \"Northside\", \"Dancing Day in Horsens\", semester parties at VIA and others.<\/p>\n<p>Miguel has danced Cuban salsa since 2014 and is often seen on the dance floors in both Aarhus and Horsens. He has also participated in some salsa festivals and salsa events around Europe, such as Hamburg, Copenhagen, Roskilde and Baila Siempre.<\/p>\n<p><!-- \/wp:paragraph --><\/p>\n<p><!-- wp:paragraph --><\/p>\n<p>&nbsp;<\/p>\n<\/div><div class=\"fusion-clearfix\"><\/div><\/div><\/div><div class=\"fusion-layout-column fusion_builder_column fusion-builder-column-4 fusion_builder_column_1_2 1_2 fusion-one-half fusion-column-last\" style=\"--awb-bg-size:cover;width:48%;\"><div class=\"fusion-column-wrapper fusion-column-has-shadow fusion-flex-column-wrapper-legacy\"><div class=\"fusion-text fusion-text-5\"><p><img data-recalc-dims=\"1\" decoding=\"async\" class=\"alignnone wp-image-1599 size-medium\" src=\"https:\/\/i0.wp.com\/cp13.nordicway.dk\/~salsavib\/wp-content\/uploads\/2019\/04\/miguel.jpg?resize=300%2C300&#038;ssl=1\" alt=\"\" width=\"300\" height=\"300\" srcset=\"https:\/\/i0.wp.com\/cp13.nordicway.dk\/~salsavib\/wp-content\/uploads\/2019\/04\/miguel.jpg?resize=66%2C66&amp;ssl=1 66w, https:\/\/i0.wp.com\/cp13.nordicway.dk\/~salsavib\/wp-content\/uploads\/2019\/04\/miguel.jpg?resize=150%2C150&amp;ssl=1 150w, https:\/\/i0.wp.com\/cp13.nordicway.dk\/~salsavib\/wp-content\/uploads\/2019\/04\/miguel.jpg?resize=200%2C200&amp;ssl=1 200w, https:\/\/i0.wp.com\/cp13.nordicway.dk\/~salsavib\/wp-content\/uploads\/2019\/04\/miguel.jpg?resize=300%2C300&amp;ssl=1 300w, https:\/\/i0.wp.com\/cp13.nordicway.dk\/~salsavib\/wp-content\/uploads\/2019\/04\/miguel.jpg?resize=400%2C400&amp;ssl=1 400w, https:\/\/i0.wp.com\/cp13.nordicway.dk\/~salsavib\/wp-content\/uploads\/2019\/04\/miguel.jpg?resize=600%2C600&amp;ssl=1 600w, https:\/\/i0.wp.com\/cp13.nordicway.dk\/~salsavib\/wp-content\/uploads\/2019\/04\/miguel.jpg?resize=768%2C768&amp;ssl=1 768w, https:\/\/i0.wp.com\/cp13.nordicway.dk\/~salsavib\/wp-content\/uploads\/2019\/04\/miguel.jpg?resize=800%2C800&amp;ssl=1 800w, https:\/\/i0.wp.com\/cp13.nordicway.dk\/~salsavib\/wp-content\/uploads\/2019\/04\/miguel.jpg?w=960&amp;ssl=1 960w\" sizes=\"(max-width: 300px) 100vw, 300px\" \/><\/p>\n<p>&nbsp;<\/p>\n<\/div><div class=\"fusion-clearfix\"><\/div><\/div><\/div><\/div><\/div>\n<div class=\"fusion-fullwidth fullwidth-box fusion-builder-row-4 nonhundred-percent-fullwidth non-hundred-percent-height-scrolling\" style=\"--awb-border-radius-top-left:0px;--awb-border-radius-top-right:0px;--awb-border-radius-bottom-right:0px;--awb-border-radius-bottom-left:0px;--awb-padding-top:50px;--awb-padding-bottom:50px;--awb-border-sizes-top:37px;--awb-border-sizes-bottom:37px;--awb-flex-wrap:wrap;\" ><div class=\"fusion-builder-row fusion-row\"><div class=\"fusion-layout-column fusion_builder_column fusion-builder-column-5 fusion_builder_column_1_1 1_1 fusion-one-full fusion-column-first fusion-column-last\" style=\"--awb-bg-size:cover;\"><div class=\"fusion-column-wrapper fusion-flex-column-wrapper-legacy\"><div class=\"fusion-text fusion-text-6\"><h3><span class=\"fusion-dropcap dropcap\">T<\/span>he practical<\/h3>\n<p>Prisen pr. session er 60 kr., men betales som et samlet bel\u00f8b for hele s\u00e6sonen.<\/p>\n<p>To join the class you must:<\/p>\n<ol>\n<li>Sign up at <a href=\"https:\/\/salsaviborg.nemtilmeld.dk\/\"><u>https:\/\/salsaviborg.nemtilmeld.dk\/<\/u><\/a><\/li>\n<li>Remember to list the right team and your gender<\/li>\n<li>We confirm your deposit and registration<\/li>\n<\/ol>\n<p>First served basis:<br \/>We reserve the right to close the class for women if the gender distribution becomes too skewed. There is priority for current team members. If you come as a couple, you are guaranteed a seat.<\/p>\n<p>If you wish to become a member of the association to continue on a permanent team, this costs DKK 50, - per year. Thus, you can also participate in our extraordinary events that take place all year round. You can read more about our activities here: <a href=\"https:\/\/cp13.nordicway.dk\/~salsavib\/en\/kalender\/\" target=\"_blank\" rel=\"noopener noreferrer\">here&gt;&gt;<\/a><\/p>\n<p>Once you have paid the participant fee for the class, we are unfortunately unable to refund the money. Not even if you regret, or don't have the opportunity to go to the class anyway. Only if there is no room in the class or the class is not set up will you get the participant fee returned.<\/p>\n<p>Visit our Facebook page and Facebook group here: <a href=\"https:\/\/www.facebook.com\/salsaviborg\/\"><u>https:\/\/www.facebook.com\/salsaviborg\/<\/u><\/a>\u00a0and <a href=\"https:\/\/www.facebook.com\/groups\/562205250534457\/\"><u>https:\/\/www.facebook.com\/groups\/562205250534457\/<\/u><\/a><\/p>\n<\/div><div class=\"fusion-clearfix\"><\/div><\/div><\/div><\/div><\/div>","protected":false},"excerpt":{"rendered":"","protected":false},"author":1,"featured_media":0,"parent":646,"menu_order":3,"comment_status":"closed","ping_status":"closed","template":"","meta":{"jetpack_post_was_ever_published":false,"footnotes":""},"class_list":["post-15","page","type-page","status-publish","hentry"],"yoast_head":"<!-- This site is optimized with the Yoast SEO plugin v27.4 - https:\/\/yoast.com\/product\/yoast-seo-wordpress\/ -->\n<title>Let \u00f8vet - Salsa Viborg<\/title>\n<meta name=\"robots\" content=\"index, follow, max-snippet:-1, max-image-preview:large, max-video-preview:-1\" \/>\n<link rel=\"canonical\" href=\"https:\/\/cp13.nordicway.dk\/~salsavib\/en\/salsa-hold-i-flere-niveauer\/let-oevet\/\" \/>\n<meta property=\"og:locale\" content=\"en_US\" \/>\n<meta property=\"og:type\" content=\"article\" \/>\n<meta property=\"og:title\" content=\"Let \u00f8vet - Salsa Viborg\" \/>\n<meta property=\"og:url\" content=\"https:\/\/cp13.nordicway.dk\/~salsavib\/en\/salsa-hold-i-flere-niveauer\/let-oevet\/\" \/>\n<meta property=\"og:site_name\" content=\"Salsa Viborg\" \/>\n<meta property=\"article:publisher\" content=\"https:\/\/www.facebook.com\/salsaviborg\/\" \/>\n<meta property=\"article:modified_time\" content=\"2020-02-12T11:29:57+00:00\" \/>\n<meta name=\"twitter:card\" content=\"summary_large_image\" \/>\n<meta name=\"twitter:label1\" content=\"Est. reading time\" \/>\n\t<meta name=\"twitter:data1\" content=\"5 minutes\" \/>\n<script type=\"application\/ld+json\" class=\"yoast-schema-graph\">{\"@context\":\"https:\\\/\\\/schema.org\",\"@graph\":[{\"@type\":\"WebPage\",\"@id\":\"https:\\\/\\\/cp13.nordicway.dk\\\/~salsavib\\\/salsa-hold-i-flere-niveauer\\\/let-oevet\\\/\",\"url\":\"https:\\\/\\\/cp13.nordicway.dk\\\/~salsavib\\\/salsa-hold-i-flere-niveauer\\\/let-oevet\\\/\",\"name\":\"Let \u00f8vet - Salsa Viborg\",\"isPartOf\":{\"@id\":\"https:\\\/\\\/cp13.nordicway.dk\\\/~salsavib\\\/#website\"},\"datePublished\":\"2019-04-13T16:26:51+00:00\",\"dateModified\":\"2020-02-12T11:29:57+00:00\",\"breadcrumb\":{\"@id\":\"https:\\\/\\\/cp13.nordicway.dk\\\/~salsavib\\\/salsa-hold-i-flere-niveauer\\\/let-oevet\\\/#breadcrumb\"},\"inLanguage\":\"en-US\",\"potentialAction\":[{\"@type\":\"ReadAction\",\"target\":[\"https:\\\/\\\/cp13.nordicway.dk\\\/~salsavib\\\/salsa-hold-i-flere-niveauer\\\/let-oevet\\\/\"]}]},{\"@type\":\"BreadcrumbList\",\"@id\":\"https:\\\/\\\/cp13.nordicway.dk\\\/~salsavib\\\/salsa-hold-i-flere-niveauer\\\/let-oevet\\\/#breadcrumb\",\"itemListElement\":[{\"@type\":\"ListItem\",\"position\":1,\"name\":\"Hjem\",\"item\":\"https:\\\/\\\/cp13.nordicway.dk\\\/~salsavib\\\/\"},{\"@type\":\"ListItem\",\"position\":2,\"name\":\"Danse hold\",\"item\":\"https:\\\/\\\/cp13.nordicway.dk\\\/~salsavib\\\/salsa-hold-i-flere-niveauer\\\/\"},{\"@type\":\"ListItem\",\"position\":3,\"name\":\"Let \u00f8vet\"}]},{\"@type\":\"WebSite\",\"@id\":\"https:\\\/\\\/cp13.nordicway.dk\\\/~salsavib\\\/#website\",\"url\":\"https:\\\/\\\/cp13.nordicway.dk\\\/~salsavib\\\/\",\"name\":\"Salsa Viborg\",\"description\":\"Undervisnings tilbud salsa p\u00e5 begynder, improver, let \u00f8vet og \u00f8vet hold\",\"publisher\":{\"@id\":\"https:\\\/\\\/cp13.nordicway.dk\\\/~salsavib\\\/#organization\"},\"potentialAction\":[{\"@type\":\"SearchAction\",\"target\":{\"@type\":\"EntryPoint\",\"urlTemplate\":\"https:\\\/\\\/cp13.nordicway.dk\\\/~salsavib\\\/?s={search_term_string}\"},\"query-input\":{\"@type\":\"PropertyValueSpecification\",\"valueRequired\":true,\"valueName\":\"search_term_string\"}}],\"inLanguage\":\"en-US\"},{\"@type\":\"Organization\",\"@id\":\"https:\\\/\\\/cp13.nordicway.dk\\\/~salsavib\\\/#organization\",\"name\":\"Salsa Viborg\",\"url\":\"https:\\\/\\\/cp13.nordicway.dk\\\/~salsavib\\\/\",\"logo\":{\"@type\":\"ImageObject\",\"inLanguage\":\"en-US\",\"@id\":\"https:\\\/\\\/cp13.nordicway.dk\\\/~salsavib\\\/#\\\/schema\\\/logo\\\/image\\\/\",\"url\":\"https:\\\/\\\/i2.wp.com\\\/salsaviborg.dk\\\/wp-content\\\/uploads\\\/2019\\\/04\\\/salsa.jpg?fit=850%2C310&ssl=1\",\"contentUrl\":\"https:\\\/\\\/i2.wp.com\\\/salsaviborg.dk\\\/wp-content\\\/uploads\\\/2019\\\/04\\\/salsa.jpg?fit=850%2C310&ssl=1\",\"width\":850,\"height\":310,\"caption\":\"Salsa Viborg\"},\"image\":{\"@id\":\"https:\\\/\\\/cp13.nordicway.dk\\\/~salsavib\\\/#\\\/schema\\\/logo\\\/image\\\/\"},\"sameAs\":[\"https:\\\/\\\/www.facebook.com\\\/salsaviborg\\\/\"]}]}<\/script>\n<!-- \/ Yoast SEO plugin. -->","yoast_head_json":{"title":"Let \u00f8vet - Salsa Viborg","robots":{"index":"index","follow":"follow","max-snippet":"max-snippet:-1","max-image-preview":"max-image-preview:large","max-video-preview":"max-video-preview:-1"},"canonical":"https:\/\/cp13.nordicway.dk\/~salsavib\/en\/salsa-hold-i-flere-niveauer\/let-oevet\/","og_locale":"en_US","og_type":"article","og_title":"Let \u00f8vet - Salsa Viborg","og_url":"https:\/\/cp13.nordicway.dk\/~salsavib\/en\/salsa-hold-i-flere-niveauer\/let-oevet\/","og_site_name":"Salsa Viborg","article_publisher":"https:\/\/www.facebook.com\/salsaviborg\/","article_modified_time":"2020-02-12T11:29:57+00:00","twitter_card":"summary_large_image","twitter_misc":{"Est. reading time":"5 minutes"},"schema":{"@context":"https:\/\/schema.org","@graph":[{"@type":"WebPage","@id":"https:\/\/cp13.nordicway.dk\/~salsavib\/salsa-hold-i-flere-niveauer\/let-oevet\/","url":"https:\/\/cp13.nordicway.dk\/~salsavib\/salsa-hold-i-flere-niveauer\/let-oevet\/","name":"Let \u00f8vet - Salsa Viborg","isPartOf":{"@id":"https:\/\/cp13.nordicway.dk\/~salsavib\/#website"},"datePublished":"2019-04-13T16:26:51+00:00","dateModified":"2020-02-12T11:29:57+00:00","breadcrumb":{"@id":"https:\/\/cp13.nordicway.dk\/~salsavib\/salsa-hold-i-flere-niveauer\/let-oevet\/#breadcrumb"},"inLanguage":"en-US","potentialAction":[{"@type":"ReadAction","target":["https:\/\/cp13.nordicway.dk\/~salsavib\/salsa-hold-i-flere-niveauer\/let-oevet\/"]}]},{"@type":"BreadcrumbList","@id":"https:\/\/cp13.nordicway.dk\/~salsavib\/salsa-hold-i-flere-niveauer\/let-oevet\/#breadcrumb","itemListElement":[{"@type":"ListItem","position":1,"name":"Hjem","item":"https:\/\/cp13.nordicway.dk\/~salsavib\/"},{"@type":"ListItem","position":2,"name":"Danse hold","item":"https:\/\/cp13.nordicway.dk\/~salsavib\/salsa-hold-i-flere-niveauer\/"},{"@type":"ListItem","position":3,"name":"Let \u00f8vet"}]},{"@type":"WebSite","@id":"https:\/\/cp13.nordicway.dk\/~salsavib\/#website","url":"https:\/\/cp13.nordicway.dk\/~salsavib\/","name":"Salsa Viborg","description":"Undervisnings tilbud salsa p\u00e5 begynder, improver, let \u00f8vet og \u00f8vet hold","publisher":{"@id":"https:\/\/cp13.nordicway.dk\/~salsavib\/#organization"},"potentialAction":[{"@type":"SearchAction","target":{"@type":"EntryPoint","urlTemplate":"https:\/\/cp13.nordicway.dk\/~salsavib\/?s={search_term_string}"},"query-input":{"@type":"PropertyValueSpecification","valueRequired":true,"valueName":"search_term_string"}}],"inLanguage":"en-US"},{"@type":"Organization","@id":"https:\/\/cp13.nordicway.dk\/~salsavib\/#organization","name":"Salsa Viborg","url":"https:\/\/cp13.nordicway.dk\/~salsavib\/","logo":{"@type":"ImageObject","inLanguage":"en-US","@id":"https:\/\/cp13.nordicway.dk\/~salsavib\/#\/schema\/logo\/image\/","url":"https:\/\/i2.wp.com\/salsaviborg.dk\/wp-content\/uploads\/2019\/04\/salsa.jpg?fit=850%2C310&ssl=1","contentUrl":"https:\/\/i2.wp.com\/salsaviborg.dk\/wp-content\/uploads\/2019\/04\/salsa.jpg?fit=850%2C310&ssl=1","width":850,"height":310,"caption":"Salsa Viborg"},"image":{"@id":"https:\/\/cp13.nordicway.dk\/~salsavib\/#\/schema\/logo\/image\/"},"sameAs":["https:\/\/www.facebook.com\/salsaviborg\/"]}]}},"jetpack_sharing_enabled":true,"jetpack_shortlink":"https:\/\/wp.me\/PaU1be-f","jetpack_likes_enabled":true,"_links":{"self":[{"href":"https:\/\/cp13.nordicway.dk\/~salsavib\/en\/wp-json\/wp\/v2\/pages\/15","targetHints":{"allow":["GET"]}}],"collection":[{"href":"https:\/\/cp13.nordicway.dk\/~salsavib\/en\/wp-json\/wp\/v2\/pages"}],"about":[{"href":"https:\/\/cp13.nordicway.dk\/~salsavib\/en\/wp-json\/wp\/v2\/types\/page"}],"author":[{"embeddable":true,"href":"https:\/\/cp13.nordicway.dk\/~salsavib\/en\/wp-json\/wp\/v2\/users\/1"}],"replies":[{"embeddable":true,"href":"https:\/\/cp13.nordicway.dk\/~salsavib\/en\/wp-json\/wp\/v2\/comments?post=15"}],"version-history":[{"count":15,"href":"https:\/\/cp13.nordicway.dk\/~salsavib\/en\/wp-json\/wp\/v2\/pages\/15\/revisions"}],"predecessor-version":[{"id":1929,"href":"https:\/\/cp13.nordicway.dk\/~salsavib\/en\/wp-json\/wp\/v2\/pages\/15\/revisions\/1929"}],"up":[{"embeddable":true,"href":"https:\/\/cp13.nordicway.dk\/~salsavib\/en\/wp-json\/wp\/v2\/pages\/646"}],"wp:attachment":[{"href":"https:\/\/cp13.nordicway.dk\/~salsavib\/en\/wp-json\/wp\/v2\/media?parent=15"}],"curies":[{"name":"wp","href":"https:\/\/api.w.org\/{rel}","templated":true}]}}