{"id":1854,"date":"2019-11-27T12:11:40","date_gmt":"2019-11-27T11:11:40","guid":{"rendered":"https:\/\/cp13.nordicway.dk\/~salsavib\/?page_id=1854"},"modified":"2019-11-27T16:44:31","modified_gmt":"2019-11-27T15:44:31","slug":"tilmelding-til-nyhedsbrev","status":"publish","type":"page","link":"https:\/\/cp13.nordicway.dk\/~salsavib\/en\/tilmelding-til-nyhedsbrev\/","title":{"rendered":"Tilmelding til nyhedsbrev"},"content":{"rendered":"<div class=\"fusion-fullwidth fullwidth-box fusion-builder-row-1 nonhundred-percent-fullwidth non-hundred-percent-height-scrolling\" style=\"--awb-border-radius-top-left:0px;--awb-border-radius-top-right:0px;--awb-border-radius-bottom-right:0px;--awb-border-radius-bottom-left:0px;--awb-flex-wrap:wrap;\" ><div class=\"fusion-builder-row fusion-row\"><div class=\"fusion-layout-column fusion_builder_column fusion-builder-column-0 fusion_builder_column_1_1 1_1 fusion-one-full fusion-column-first fusion-column-last\" style=\"--awb-bg-size:cover;\"><div class=\"fusion-column-wrapper fusion-flex-column-wrapper-legacy\"><div class=\"fusion-title title fusion-title-1 fusion-title-text fusion-title-size-one\" style=\"--awb-margin-top:50px;--awb-margin-bottom:50px;\"><h1 class=\"fusion-title-heading title-heading-left\" style=\"margin:0;\">Tilmelding til nyhedsbrev<\/h1><span class=\"awb-title-spacer\"><\/span><div class=\"title-sep-container\"><div class=\"title-sep sep-single sep-dashed\" style=\"border-color:#e0dede;\"><\/div><\/div><\/div><div class=\"fusion-section-separator section-separator horizon fusion-section-separator-1\" style=\"--awb-spacer-padding-top:17.3828125%;--awb-sep-font-size:0;--awb-sep-line-height:0;\"><div class=\"fusion-section-separator-svg fusion-section-separator-fullwidth\"><svg class=\"fusion-horizon-candy\" xmlns=\"http:\/\/www.w3.org\/2000\/svg\" version=\"1.1\" width=\"100%\" viewbox=\"0 0 1024 178\" preserveaspectratio=\"none\" fill=\"rgba(246,246,246,1)\"><path class=\"st0\" d=\"M1024 177.193L507.699 43.254 0 177.193V.041h1024v177.152z\"\/>\n\t\t\t\t\t\t\t\t\t<path class=\"st1\" d=\"M1024 138.076L507.699 43.152 0 138.076V-.266h1024v138.342z\"\/>\n\t\t\t\t\t\t\t\t\t<path class=\"st2\" d=\"M1024 67.728L507.699 43.152 0 67.728V-.266h1024v67.994z\"\/>\n\t\t\t\t\t\t\t\t\t<path class=\"st3\" d=\"M1024 3.625L507.699 43.152 0 3.625V-.266h1024v3.891z\"\/>\n\t\t\t\t\t\t\t\t<\/svg><\/div><div class=\"fusion-section-separator-spacer fusion-section-separator-fullwidth\"><div class=\"fusion-section-separator-spacer-height\"><\/div><\/div><\/div>\n<div class=\"fusion-text fusion-text-1\"><script>(function() {\n\twindow.mc4wp = window.mc4wp || {\n\t\tlisteners: [],\n\t\tforms: {\n\t\t\ton: function(evt, cb) {\n\t\t\t\twindow.mc4wp.listeners.push(\n\t\t\t\t\t{\n\t\t\t\t\t\tevent   : evt,\n\t\t\t\t\t\tcallback: cb\n\t\t\t\t\t}\n\t\t\t\t);\n\t\t\t}\n\t\t}\n\t}\n})();\n<\/script><!-- Mailchimp for WordPress v4.10.8 - https:\/\/wordpress.org\/plugins\/mailchimp-for-wp\/ --><form id=\"mc4wp-form-1\" class=\"mc4wp-form mc4wp-form-1853\" method=\"post\" data-id=\"1853\" data-name=\"Nyhedsbrev Salsa Viborg\" action=\"\" ><div class=\"mc4wp-form-fields\">\r\n<p>\r\n    <label>Email:<\/label>\r\n    <input type=\"email\" name=\"EMAIL\" required=\"\">\r\n<\/p>\r\n<p>\r\n    <label>Fornavn:<\/label>\r\n    <input type=\"text\" name=\"FNAME\" required=\"\">\r\n<\/p>\r\n<p>\r\n    <label>Efternavn:<\/label>\r\n    <input type=\"text\" name=\"LNAME\" required=\"\">\r\n<\/p>\r\n<p>\r\n    <label>Adresse:<\/label>\r\n    <input type=\"text\" name=\"ADDRESS[addr1]\" required=\"\">\r\n\r\n<\/p>\r\n<p>\r\n    <label>Postnummer:<\/label>\r\n    <input type=\"text\" name=\"ADDRESS[zip]\">\r\n<\/p><p>\r\n    <label>By:<\/label>\r\n    <input type=\"text\" name=\"ADDRESS[city]\">\r\n<\/p>\r\n\r\n<p>\r\n    <label>Kommune:<\/label>\r\n    <input type=\"text\" name=\"ADDRESS[state]\">\r\n<\/p>\r\n\r\n<p>\r\n    <label>Land:<\/label>\r\n    <select name=\"ADDRESS[country]\">\r\n        <option value=\"AF\">Afghanistan<\/option>\r\n        <option value=\"AX\">Aland Islands<\/option>\r\n        <option value=\"AL\">Albania<\/option>\r\n        <option value=\"DZ\">Algeria<\/option>\r\n        <option value=\"AS\">American Samoa<\/option>\r\n        <option value=\"AD\">Andorra<\/option>\r\n        <option value=\"AO\">Angola<\/option>\r\n        <option value=\"AI\">Anguilla<\/option>\r\n        <option value=\"AQ\">Antarctica<\/option>\r\n        <option value=\"AG\">Antigua and Barbuda<\/option>\r\n        <option value=\"AR\">Argentina<\/option>\r\n        <option value=\"AM\">Armenia<\/option>\r\n        <option value=\"AW\">Aruba<\/option>\r\n        <option value=\"AU\">Australia<\/option>\r\n        <option value=\"AT\">Austria<\/option>\r\n        <option value=\"AZ\">Azerbaijan<\/option>\r\n        <option value=\"BS\">Bahamas<\/option>\r\n        <option value=\"BH\">Bahrain<\/option>\r\n        <option value=\"BD\">Bangladesh<\/option>\r\n        <option value=\"BB\">Barbados<\/option>\r\n        <option value=\"BY\">Belarus<\/option>\r\n        <option value=\"BE\">Belgium<\/option>\r\n        <option value=\"BZ\">Belize<\/option>\r\n        <option value=\"BJ\">Benin<\/option>\r\n        <option value=\"BM\">Bermuda<\/option>\r\n        <option value=\"BT\">Bhutan<\/option>\r\n        <option value=\"BO\">Bolivia<\/option>\r\n        <option value=\"BQ\">Bonaire, Saint Eustatius and Saba<\/option>\r\n        <option value=\"BA\">Bosnia and Herzegovina<\/option>\r\n        <option value=\"BW\">Botswana<\/option>\r\n        <option value=\"BV\">Bouvet Island<\/option>\r\n        <option value=\"BR\">Brazil<\/option>\r\n        <option value=\"IO\">British Indian Ocean Territory<\/option>\r\n        <option value=\"VG\">British Virgin Islands<\/option>\r\n        <option value=\"BN\">Brunei<\/option>\r\n        <option value=\"BG\">Bulgaria<\/option>\r\n        <option value=\"BF\">Burkina Faso<\/option>\r\n        <option value=\"BI\">Burundi<\/option>\r\n        <option value=\"KH\">Cambodia<\/option>\r\n        <option value=\"CM\">Cameroon<\/option>\r\n        <option value=\"CA\">Canada<\/option>\r\n        <option value=\"CV\">Cape Verde<\/option>\r\n        <option value=\"KY\">Cayman Islands<\/option>\r\n        <option value=\"CF\">Central African Republic<\/option>\r\n        <option value=\"TD\">Chad<\/option>\r\n        <option value=\"CL\">Chile<\/option>\r\n        <option value=\"CN\">China<\/option>\r\n        <option value=\"CX\">Christmas Island<\/option>\r\n        <option value=\"CC\">Cocos Islands<\/option>\r\n        <option value=\"CO\">Colombia<\/option>\r\n        <option value=\"KM\">Comoros<\/option>\r\n        <option value=\"CK\">Cook Islands<\/option>\r\n        <option value=\"CR\">Costa Rica<\/option>\r\n        <option value=\"HR\">Croatia<\/option>\r\n        <option value=\"CU\">Cuba<\/option>\r\n        <option value=\"CW\">Curacao<\/option>\r\n        <option value=\"CY\">Cyprus<\/option>\r\n        <option value=\"CZ\">Czech Republic<\/option>\r\n        <option value=\"CD\">Democratic Republic of the Congo<\/option>\r\n        <option value=\"DK\" selected=\"true\">Denmark<\/option>\r\n        <option value=\"DJ\">Djibouti<\/option>\r\n        <option value=\"DM\">Dominica<\/option>\r\n        <option value=\"DO\">Dominican Republic<\/option>\r\n        <option value=\"TL\">East Timor<\/option>\r\n        <option value=\"EC\">Ecuador<\/option>\r\n        <option value=\"EG\">Egypt<\/option>\r\n        <option value=\"SV\">El Salvador<\/option>\r\n        <option value=\"GQ\">Equatorial Guinea<\/option>\r\n        <option value=\"ER\">Eritrea<\/option>\r\n        <option value=\"EE\">Estonia<\/option>\r\n        <option value=\"ET\">Ethiopia<\/option>\r\n        <option value=\"FK\">Falkland Islands<\/option>\r\n        <option value=\"FO\">Faroe Islands<\/option>\r\n        <option value=\"FJ\">Fiji<\/option>\r\n        <option value=\"FI\">Finland<\/option>\r\n        <option value=\"FR\">France<\/option>\r\n        <option value=\"GF\">French Guiana<\/option>\r\n        <option value=\"PF\">French Polynesia<\/option>\r\n        <option value=\"TF\">French Southern Territories<\/option>\r\n        <option value=\"GA\">Gabon<\/option>\r\n        <option value=\"GM\">Gambia<\/option>\r\n        <option value=\"GE\">Georgia<\/option>\r\n        <option value=\"DE\">Germany<\/option>\r\n        <option value=\"GH\">Ghana<\/option>\r\n        <option value=\"GI\">Gibraltar<\/option>\r\n        <option value=\"GR\">Greece<\/option>\r\n        <option value=\"GL\">Greenland<\/option>\r\n        <option value=\"GD\">Grenada<\/option>\r\n        <option value=\"GP\">Guadeloupe<\/option>\r\n        <option value=\"GU\">Guam<\/option>\r\n        <option value=\"GT\">Guatemala<\/option>\r\n        <option value=\"GG\">Guernsey<\/option>\r\n        <option value=\"GN\">Guinea<\/option>\r\n        <option value=\"GW\">Guinea-Bissau<\/option>\r\n        <option value=\"GY\">Guyana<\/option>\r\n        <option value=\"HT\">Haiti<\/option>\r\n        <option value=\"HM\">Heard Island and McDonald Islands<\/option>\r\n        <option value=\"HN\">Honduras<\/option>\r\n        <option value=\"HK\">Hong Kong<\/option>\r\n        <option value=\"HU\">Hungary<\/option>\r\n        <option value=\"IS\">Iceland<\/option>\r\n        <option value=\"IN\">India<\/option>\r\n        <option value=\"ID\">Indonesia<\/option>\r\n        <option value=\"IR\">Iran<\/option>\r\n        <option value=\"IQ\">Iraq<\/option>\r\n        <option value=\"IE\">Ireland<\/option>\r\n        <option value=\"IM\">Isle of Man<\/option>\r\n        <option value=\"IL\">Israel<\/option>\r\n        <option value=\"IT\">Italy<\/option>\r\n        <option value=\"CI\">Ivory Coast<\/option>\r\n        <option value=\"JM\">Jamaica<\/option>\r\n        <option value=\"JP\">Japan<\/option>\r\n        <option value=\"JE\">Jersey<\/option>\r\n        <option value=\"JO\">Jordan<\/option>\r\n        <option value=\"KZ\">Kazakhstan<\/option>\r\n        <option value=\"KE\">Kenya<\/option>\r\n        <option value=\"KI\">Kiribati<\/option>\r\n        <option value=\"XK\">Kosovo<\/option>\r\n        <option value=\"KW\">Kuwait<\/option>\r\n        <option value=\"KG\">Kyrgyzstan<\/option>\r\n        <option value=\"LA\">Laos<\/option>\r\n        <option value=\"LV\">Latvia<\/option>\r\n        <option value=\"LB\">Lebanon<\/option>\r\n        <option value=\"LS\">Lesotho<\/option>\r\n        <option value=\"LR\">Liberia<\/option>\r\n        <option value=\"LY\">Libya<\/option>\r\n        <option value=\"LI\">Liechtenstein<\/option>\r\n        <option value=\"LT\">Lithuania<\/option>\r\n        <option value=\"LU\">Luxembourg<\/option>\r\n        <option value=\"MO\">Macao<\/option>\r\n        <option value=\"MK\">Macedonia<\/option>\r\n        <option value=\"MG\">Madagascar<\/option>\r\n        <option value=\"MW\">Malawi<\/option>\r\n        <option value=\"MY\">Malaysia<\/option>\r\n        <option value=\"MV\">Maldives<\/option>\r\n        <option value=\"ML\">Mali<\/option>\r\n        <option value=\"MT\">Malta<\/option>\r\n        <option value=\"MH\">Marshall Islands<\/option>\r\n        <option value=\"MQ\">Martinique<\/option>\r\n        <option value=\"MR\">Mauritania<\/option>\r\n        <option value=\"MU\">Mauritius<\/option>\r\n        <option value=\"YT\">Mayotte<\/option>\r\n        <option value=\"MX\">Mexico<\/option>\r\n        <option value=\"FM\">Micronesia<\/option>\r\n        <option value=\"MD\">Moldova<\/option>\r\n        <option value=\"MC\">Monaco<\/option>\r\n        <option value=\"MN\">Mongolia<\/option>\r\n        <option value=\"ME\">Montenegro<\/option>\r\n        <option value=\"MS\">Montserrat<\/option>\r\n        <option value=\"MA\">Morocco<\/option>\r\n        <option value=\"MZ\">Mozambique<\/option>\r\n        <option value=\"MM\">Myanmar<\/option>\r\n        <option value=\"NA\">Namibia<\/option>\r\n        <option value=\"NR\">Nauru<\/option>\r\n        <option value=\"NP\">Nepal<\/option>\r\n        <option value=\"NL\">Netherlands<\/option>\r\n        <option value=\"NC\">New Caledonia<\/option>\r\n        <option value=\"NZ\">New Zealand<\/option>\r\n        <option value=\"NI\">Nicaragua<\/option>\r\n        <option value=\"NE\">Niger<\/option>\r\n        <option value=\"NG\">Nigeria<\/option>\r\n        <option value=\"NU\">Niue<\/option>\r\n        <option value=\"NF\">Norfolk Island<\/option>\r\n        <option value=\"KP\">North Korea<\/option>\r\n        <option value=\"MP\">Northern Mariana Islands<\/option>\r\n        <option value=\"NO\">Norway<\/option>\r\n        <option value=\"OM\">Oman<\/option>\r\n        <option value=\"PK\">Pakistan<\/option>\r\n        <option value=\"PW\">Palau<\/option>\r\n        <option value=\"PS\">Palestinian Territory<\/option>\r\n        <option value=\"PA\">Panama<\/option>\r\n        <option value=\"PG\">Papua New Guinea<\/option>\r\n        <option value=\"PY\">Paraguay<\/option>\r\n        <option value=\"PE\">Peru<\/option>\r\n        <option value=\"PH\">Philippines<\/option>\r\n        <option value=\"PN\">Pitcairn<\/option>\r\n        <option value=\"PL\">Poland<\/option>\r\n        <option value=\"PT\">Portugal<\/option>\r\n        <option value=\"PR\">Puerto Rico<\/option>\r\n        <option value=\"QA\">Qatar<\/option>\r\n        <option value=\"CG\">Republic of the Congo<\/option>\r\n        <option value=\"RE\">Reunion<\/option>\r\n        <option value=\"RO\">Romania<\/option>\r\n        <option value=\"RU\">Russia<\/option>\r\n        <option value=\"RW\">Rwanda<\/option>\r\n        <option value=\"BL\">Saint Barthelemy<\/option>\r\n        <option value=\"SH\">Saint Helena<\/option>\r\n        <option value=\"KN\">Saint Kitts and Nevis<\/option>\r\n        <option value=\"LC\">Saint Lucia<\/option>\r\n        <option value=\"MF\">Saint Martin<\/option>\r\n        <option value=\"PM\">Saint Pierre and Miquelon<\/option>\r\n        <option value=\"VC\">Saint Vincent and the Grenadines<\/option>\r\n        <option value=\"WS\">Samoa<\/option>\r\n        <option value=\"SM\">San Marino<\/option>\r\n        <option value=\"ST\">Sao Tome and Principe<\/option>\r\n        <option value=\"SA\">Saudi Arabia<\/option>\r\n        <option value=\"SN\">Senegal<\/option>\r\n        <option value=\"RS\">Serbia<\/option>\r\n        <option value=\"SC\">Seychelles<\/option>\r\n        <option value=\"SL\">Sierra Leone<\/option>\r\n        <option value=\"SG\">Singapore<\/option>\r\n        <option value=\"SX\">Sint Maarten<\/option>\r\n        <option value=\"SK\">Slovakia<\/option>\r\n        <option value=\"SI\">Slovenia<\/option>\r\n        <option value=\"SB\">Solomon Islands<\/option>\r\n        <option value=\"SO\">Somalia<\/option>\r\n        <option value=\"ZA\">South Africa<\/option>\r\n        <option value=\"GS\">South Georgia and the South Sandwich Islands<\/option>\r\n        <option value=\"KR\">South Korea<\/option>\r\n        <option value=\"SS\">South Sudan<\/option>\r\n        <option value=\"ES\">Spain<\/option>\r\n        <option value=\"LK\">Sri Lanka<\/option>\r\n        <option value=\"SD\">Sudan<\/option>\r\n        <option value=\"SR\">Suriname<\/option>\r\n        <option value=\"SJ\">Svalbard and Jan Mayen<\/option>\r\n        <option value=\"SZ\">Swaziland<\/option>\r\n        <option value=\"SE\">Sweden<\/option>\r\n        <option value=\"CH\">Switzerland<\/option>\r\n        <option value=\"SY\">Syria<\/option>\r\n        <option value=\"TW\">Taiwan<\/option>\r\n        <option value=\"TJ\">Tajikistan<\/option>\r\n        <option value=\"TZ\">Tanzania<\/option>\r\n        <option value=\"TH\">Thailand<\/option>\r\n        <option value=\"TG\">Togo<\/option>\r\n        <option value=\"TK\">Tokelau<\/option>\r\n        <option value=\"TO\">Tonga<\/option>\r\n        <option value=\"TT\">Trinidad and Tobago<\/option>\r\n        <option value=\"TN\">Tunisia<\/option>\r\n        <option value=\"TR\">Turkey<\/option>\r\n        <option value=\"TM\">Turkmenistan<\/option>\r\n        <option value=\"TC\">Turks and Caicos Islands<\/option>\r\n        <option value=\"TV\">Tuvalu<\/option>\r\n        <option value=\"VI\">U.S. Virgin Islands<\/option>\r\n        <option value=\"UG\">Uganda<\/option>\r\n        <option value=\"UA\">Ukraine<\/option>\r\n        <option value=\"AE\">United Arab Emirates<\/option>\r\n        <option value=\"GB\">United Kingdom<\/option>\r\n        <option value=\"US\">United States<\/option>\r\n        <option value=\"UM\">United States Minor Outlying Islands<\/option>\r\n        <option value=\"UY\">Uruguay<\/option>\r\n        <option value=\"UZ\">Uzbekistan<\/option>\r\n        <option value=\"VU\">Vanuatu<\/option>\r\n        <option value=\"VA\">Vatican<\/option>\r\n        <option value=\"VE\">Venezuela<\/option>\r\n        <option value=\"VN\">Vietnam<\/option>\r\n        <option value=\"WF\">Wallis and Futuna<\/option>\r\n        <option value=\"EH\">Western Sahara<\/option>\r\n        <option value=\"YE\">Yemen<\/option>\r\n        <option value=\"ZM\">Zambia<\/option>\r\n        <option value=\"ZW\">Zimbabwe<\/option>\r\n    <\/select>\r\n<\/p>\r\n<p>\r\n    <label>Telefonnummer:<\/label>\r\n    <input type=\"tel\" name=\"PHONE\" required=\"\">\r\n<\/p>\r\n<p>\r\n    <label>\r\n        <input name=\"AGREE_TO_TERMS\" type=\"checkbox\" value=\"1\" required=\"\"> \r\n      <a href=\"https:\/\/cp13.nordicway.dk\/~salsavib\/en\/privatlivspolitik\/\" target=\"_blank\">Ved tilmelding til nyhedsbrevet accepterer jeg Salsa viborgs Persondatapolitik. \r\n        <br\/><k>L\u00e6s Salsa Viborgs persondatapolitik her >><\/k><\/a>\r\n    <\/label>\r\n<\/p>\r\n<p>\r\n    <label>\r\n        <input name=\"AGREE_TO_TERMS\" type=\"checkbox\" value=\"1\" required=\"\">Ja tak, til at modtage f\u00e5 og relevante nyhedsmails fra Salsa Viborg.<\/label>\r\n<\/p>\r\n\r\n<p>\r\n    <input type=\"submit\" value=\"Sign up\">\r\n<\/p>\r\n\r\n<\/div><label style=\"display: none !important;\">Leave this field empty if you're human: <input type=\"text\" name=\"_mc4wp_honeypot\" value=\"\" tabindex=\"-1\" autocomplete=\"off\" \/><\/label><input type=\"hidden\" name=\"_mc4wp_timestamp\" value=\"1776586804\" \/><input type=\"hidden\" name=\"_mc4wp_form_id\" value=\"1853\" \/><input type=\"hidden\" name=\"_mc4wp_form_element_id\" value=\"mc4wp-form-1\" \/><div class=\"mc4wp-response\"><\/div><input type=\"hidden\" name=\"trp-form-language\" value=\"en\"\/><\/form><!-- \/ Mailchimp for WordPress Plugin -->\n<\/div><div class=\"fusion-clearfix\"><\/div><\/div><\/div><\/div><\/div>","protected":false},"excerpt":{"rendered":"","protected":false},"author":1,"featured_media":0,"parent":0,"menu_order":0,"comment_status":"closed","ping_status":"closed","template":"","meta":{"jetpack_post_was_ever_published":false,"footnotes":""},"class_list":["post-1854","page","type-page","status-publish","hentry"],"yoast_head":"<!-- This site is optimized with the Yoast SEO plugin v27.4 - https:\/\/yoast.com\/product\/yoast-seo-wordpress\/ -->\n<title>Tilmelding til nyhedsbrev - Salsa Viborg<\/title>\n<meta name=\"robots\" content=\"index, follow, max-snippet:-1, max-image-preview:large, max-video-preview:-1\" \/>\n<link rel=\"canonical\" href=\"https:\/\/cp13.nordicway.dk\/~salsavib\/en\/tilmelding-til-nyhedsbrev\/\" \/>\n<meta property=\"og:locale\" content=\"en_US\" \/>\n<meta property=\"og:type\" content=\"article\" \/>\n<meta property=\"og:title\" content=\"Tilmelding til nyhedsbrev - Salsa Viborg\" \/>\n<meta property=\"og:url\" content=\"https:\/\/cp13.nordicway.dk\/~salsavib\/en\/tilmelding-til-nyhedsbrev\/\" \/>\n<meta property=\"og:site_name\" content=\"Salsa Viborg\" \/>\n<meta property=\"article:publisher\" content=\"https:\/\/www.facebook.com\/salsaviborg\/\" \/>\n<meta property=\"article:modified_time\" content=\"2019-11-27T15:44:31+00:00\" \/>\n<meta name=\"twitter:card\" content=\"summary_large_image\" \/>\n<meta name=\"twitter:label1\" content=\"Est. reading time\" \/>\n\t<meta name=\"twitter:data1\" content=\"1 minute\" \/>\n<script type=\"application\/ld+json\" class=\"yoast-schema-graph\">{\"@context\":\"https:\\\/\\\/schema.org\",\"@graph\":[{\"@type\":\"WebPage\",\"@id\":\"https:\\\/\\\/cp13.nordicway.dk\\\/~salsavib\\\/tilmelding-til-nyhedsbrev\\\/\",\"url\":\"https:\\\/\\\/cp13.nordicway.dk\\\/~salsavib\\\/tilmelding-til-nyhedsbrev\\\/\",\"name\":\"Tilmelding til nyhedsbrev - Salsa Viborg\",\"isPartOf\":{\"@id\":\"https:\\\/\\\/cp13.nordicway.dk\\\/~salsavib\\\/#website\"},\"datePublished\":\"2019-11-27T11:11:40+00:00\",\"dateModified\":\"2019-11-27T15:44:31+00:00\",\"breadcrumb\":{\"@id\":\"https:\\\/\\\/cp13.nordicway.dk\\\/~salsavib\\\/tilmelding-til-nyhedsbrev\\\/#breadcrumb\"},\"inLanguage\":\"en-US\",\"potentialAction\":[{\"@type\":\"ReadAction\",\"target\":[\"https:\\\/\\\/cp13.nordicway.dk\\\/~salsavib\\\/tilmelding-til-nyhedsbrev\\\/\"]}]},{\"@type\":\"BreadcrumbList\",\"@id\":\"https:\\\/\\\/cp13.nordicway.dk\\\/~salsavib\\\/tilmelding-til-nyhedsbrev\\\/#breadcrumb\",\"itemListElement\":[{\"@type\":\"ListItem\",\"position\":1,\"name\":\"Hjem\",\"item\":\"https:\\\/\\\/cp13.nordicway.dk\\\/~salsavib\\\/\"},{\"@type\":\"ListItem\",\"position\":2,\"name\":\"Tilmelding til nyhedsbrev\"}]},{\"@type\":\"WebSite\",\"@id\":\"https:\\\/\\\/cp13.nordicway.dk\\\/~salsavib\\\/#website\",\"url\":\"https:\\\/\\\/cp13.nordicway.dk\\\/~salsavib\\\/\",\"name\":\"Salsa Viborg\",\"description\":\"Undervisnings tilbud salsa p\u00e5 begynder, improver, let \u00f8vet og \u00f8vet hold\",\"publisher\":{\"@id\":\"https:\\\/\\\/cp13.nordicway.dk\\\/~salsavib\\\/#organization\"},\"potentialAction\":[{\"@type\":\"SearchAction\",\"target\":{\"@type\":\"EntryPoint\",\"urlTemplate\":\"https:\\\/\\\/cp13.nordicway.dk\\\/~salsavib\\\/?s={search_term_string}\"},\"query-input\":{\"@type\":\"PropertyValueSpecification\",\"valueRequired\":true,\"valueName\":\"search_term_string\"}}],\"inLanguage\":\"en-US\"},{\"@type\":\"Organization\",\"@id\":\"https:\\\/\\\/cp13.nordicway.dk\\\/~salsavib\\\/#organization\",\"name\":\"Salsa Viborg\",\"url\":\"https:\\\/\\\/cp13.nordicway.dk\\\/~salsavib\\\/\",\"logo\":{\"@type\":\"ImageObject\",\"inLanguage\":\"en-US\",\"@id\":\"https:\\\/\\\/cp13.nordicway.dk\\\/~salsavib\\\/#\\\/schema\\\/logo\\\/image\\\/\",\"url\":\"https:\\\/\\\/i2.wp.com\\\/salsaviborg.dk\\\/wp-content\\\/uploads\\\/2019\\\/04\\\/salsa.jpg?fit=850%2C310&ssl=1\",\"contentUrl\":\"https:\\\/\\\/i2.wp.com\\\/salsaviborg.dk\\\/wp-content\\\/uploads\\\/2019\\\/04\\\/salsa.jpg?fit=850%2C310&ssl=1\",\"width\":850,\"height\":310,\"caption\":\"Salsa Viborg\"},\"image\":{\"@id\":\"https:\\\/\\\/cp13.nordicway.dk\\\/~salsavib\\\/#\\\/schema\\\/logo\\\/image\\\/\"},\"sameAs\":[\"https:\\\/\\\/www.facebook.com\\\/salsaviborg\\\/\"]}]}<\/script>\n<!-- \/ Yoast SEO plugin. -->","yoast_head_json":{"title":"Tilmelding til nyhedsbrev - Salsa Viborg","robots":{"index":"index","follow":"follow","max-snippet":"max-snippet:-1","max-image-preview":"max-image-preview:large","max-video-preview":"max-video-preview:-1"},"canonical":"https:\/\/cp13.nordicway.dk\/~salsavib\/en\/tilmelding-til-nyhedsbrev\/","og_locale":"en_US","og_type":"article","og_title":"Tilmelding til nyhedsbrev - Salsa Viborg","og_url":"https:\/\/cp13.nordicway.dk\/~salsavib\/en\/tilmelding-til-nyhedsbrev\/","og_site_name":"Salsa Viborg","article_publisher":"https:\/\/www.facebook.com\/salsaviborg\/","article_modified_time":"2019-11-27T15:44:31+00:00","twitter_card":"summary_large_image","twitter_misc":{"Est. reading time":"1 minute"},"schema":{"@context":"https:\/\/schema.org","@graph":[{"@type":"WebPage","@id":"https:\/\/cp13.nordicway.dk\/~salsavib\/tilmelding-til-nyhedsbrev\/","url":"https:\/\/cp13.nordicway.dk\/~salsavib\/tilmelding-til-nyhedsbrev\/","name":"Tilmelding til nyhedsbrev - Salsa Viborg","isPartOf":{"@id":"https:\/\/cp13.nordicway.dk\/~salsavib\/#website"},"datePublished":"2019-11-27T11:11:40+00:00","dateModified":"2019-11-27T15:44:31+00:00","breadcrumb":{"@id":"https:\/\/cp13.nordicway.dk\/~salsavib\/tilmelding-til-nyhedsbrev\/#breadcrumb"},"inLanguage":"en-US","potentialAction":[{"@type":"ReadAction","target":["https:\/\/cp13.nordicway.dk\/~salsavib\/tilmelding-til-nyhedsbrev\/"]}]},{"@type":"BreadcrumbList","@id":"https:\/\/cp13.nordicway.dk\/~salsavib\/tilmelding-til-nyhedsbrev\/#breadcrumb","itemListElement":[{"@type":"ListItem","position":1,"name":"Hjem","item":"https:\/\/cp13.nordicway.dk\/~salsavib\/"},{"@type":"ListItem","position":2,"name":"Tilmelding til nyhedsbrev"}]},{"@type":"WebSite","@id":"https:\/\/cp13.nordicway.dk\/~salsavib\/#website","url":"https:\/\/cp13.nordicway.dk\/~salsavib\/","name":"Salsa Viborg","description":"Undervisnings tilbud salsa p\u00e5 begynder, improver, let \u00f8vet og \u00f8vet hold","publisher":{"@id":"https:\/\/cp13.nordicway.dk\/~salsavib\/#organization"},"potentialAction":[{"@type":"SearchAction","target":{"@type":"EntryPoint","urlTemplate":"https:\/\/cp13.nordicway.dk\/~salsavib\/?s={search_term_string}"},"query-input":{"@type":"PropertyValueSpecification","valueRequired":true,"valueName":"search_term_string"}}],"inLanguage":"en-US"},{"@type":"Organization","@id":"https:\/\/cp13.nordicway.dk\/~salsavib\/#organization","name":"Salsa Viborg","url":"https:\/\/cp13.nordicway.dk\/~salsavib\/","logo":{"@type":"ImageObject","inLanguage":"en-US","@id":"https:\/\/cp13.nordicway.dk\/~salsavib\/#\/schema\/logo\/image\/","url":"https:\/\/i2.wp.com\/salsaviborg.dk\/wp-content\/uploads\/2019\/04\/salsa.jpg?fit=850%2C310&ssl=1","contentUrl":"https:\/\/i2.wp.com\/salsaviborg.dk\/wp-content\/uploads\/2019\/04\/salsa.jpg?fit=850%2C310&ssl=1","width":850,"height":310,"caption":"Salsa Viborg"},"image":{"@id":"https:\/\/cp13.nordicway.dk\/~salsavib\/#\/schema\/logo\/image\/"},"sameAs":["https:\/\/www.facebook.com\/salsaviborg\/"]}]}},"jetpack_sharing_enabled":true,"jetpack_shortlink":"https:\/\/wp.me\/PaU1be-tU","jetpack_likes_enabled":true,"_links":{"self":[{"href":"https:\/\/cp13.nordicway.dk\/~salsavib\/en\/wp-json\/wp\/v2\/pages\/1854","targetHints":{"allow":["GET"]}}],"collection":[{"href":"https:\/\/cp13.nordicway.dk\/~salsavib\/en\/wp-json\/wp\/v2\/pages"}],"about":[{"href":"https:\/\/cp13.nordicway.dk\/~salsavib\/en\/wp-json\/wp\/v2\/types\/page"}],"author":[{"embeddable":true,"href":"https:\/\/cp13.nordicway.dk\/~salsavib\/en\/wp-json\/wp\/v2\/users\/1"}],"replies":[{"embeddable":true,"href":"https:\/\/cp13.nordicway.dk\/~salsavib\/en\/wp-json\/wp\/v2\/comments?post=1854"}],"version-history":[{"count":3,"href":"https:\/\/cp13.nordicway.dk\/~salsavib\/en\/wp-json\/wp\/v2\/pages\/1854\/revisions"}],"predecessor-version":[{"id":1916,"href":"https:\/\/cp13.nordicway.dk\/~salsavib\/en\/wp-json\/wp\/v2\/pages\/1854\/revisions\/1916"}],"wp:attachment":[{"href":"https:\/\/cp13.nordicway.dk\/~salsavib\/en\/wp-json\/wp\/v2\/media?parent=1854"}],"curies":[{"name":"wp","href":"https:\/\/api.w.org\/{rel}","templated":true}]}}