{"id":4,"date":"2019-04-13T14:11:27","date_gmt":"2019-04-13T14:11:27","guid":{"rendered":"https:\/\/cp13.nordicway.dk\/~salsavib\/?page_id=4"},"modified":"2019-11-28T22:13:42","modified_gmt":"2019-11-28T21:13:42","slug":"privatlivspolitik","status":"publish","type":"page","link":"https:\/\/cp13.nordicway.dk\/~salsavib\/en\/privatlivspolitik\/","title":{"rendered":"Persondatapolitik"},"content":{"rendered":"<h3><span class=\"fusion-dropcap dropcap\">A<\/span>ersondatapolitik<\/h3>\n<p>&nbsp;<\/p>\n<h3><span class=\"fusion-dropcap dropcap\">A<\/span>ersonlige data<\/h3>\n<p>Denne persondatapolitik g\u00e6lder for alt, vi opsnapper om dig, n\u00e5r du:<\/p>\n<ul>\n<li>Bruger salsaviborg.dk<\/li>\n<li>Sender mail til os<\/li>\n<li>Skriver til os via sociale medier<\/li>\n<li>Tilmelder dig p\u00e5 et af vores dansehold via nemtilmeld<\/li>\n<\/ul>\n<h3><span class=\"fusion-dropcap dropcap\">H<\/span>vilke persondata gemmer vi<\/h3>\n<p>Vi gemmer kun de personlige data, som vi har brug for.<\/p>\n<p>Eksempelvis for at sende bekr\u00e6ftelse af holdtilmelding, sende \u00e6ndringer p\u00e5 hold til dig eller give dig informationer om hvad der sker i foreningen (herunder invitationer til fester og generalforsamling via vores nyhedsbrev).<\/p>\n<p>Vi gemmer ikke data l\u00e6ngere end h\u00f8jst n\u00f8dvendigt. Nogle data er vi dog n\u00f8dt til at gemme i op til fem \u00e5r &#8211; eksempelvis de informationer, der st\u00e5r p\u00e5 vores fakturaer p\u00e5 nemtilmeld.<\/p>\n<ol>\n<li>Hvis der er betalt for tilmeldingen opbevares betalingsoplysninger til udgangen af kalender\u00e5ret plus 5 \u00e5r i henhold til g\u00e6ldende lovgivning.<\/li>\n<li>Alle \u00f8vrige personoplysninger slettes 5 \u00e5r efter arrangementet er afsluttet.<\/li>\n<\/ol>\n<h3><\/h3>\n<h3><span class=\"fusion-dropcap dropcap\">H<\/span>vilke persondata deler vi med andre<\/h3>\n<p>N\u00e5r du surfer p\u00e5 vores website, bliver der samlet anonyme data om brugen af siden. De data bliver delt med Google Analytics og JetPack.<\/p>\n<p>Hvis du tilmelder dig vores nyhedsbrev, bliver dit navn, din mailadresse, email og telefonnummer delt med MailChimp.<\/p>\n<h3><\/h3>\n<h3><span class=\"fusion-dropcap dropcap\">H<\/span>vad g\u00f8r du, hvis du vil have dine data slettet?<\/h3>\n<p>Du har ret til at f\u00e5 data slettet eller rettet.<\/p>\n<p>I bunden af dit nyhedsbrev (p\u00e5 din mail) kan du slette din tilmeldelse. Hvis ikke det virker er du altid velkommen til at kontakt os\u2026 vi s\u00f8rger for at slette dig hurtigst muligt.<\/p>\n<h3><\/h3>\n<h3><span class=\"fusion-dropcap dropcap\">H<\/span>vad er persondata<\/h3>\n<p>Persondata kan v\u00e6re dit navn, emailadresse, fysisk adresse, f\u00f8dselsdato, IP-adresse, lokaliseringsdata, betalingsinformationer, historik over k\u00f8b, historik over f\u00e6rden p\u00e5 et website, information om varer eller et website du har kigget p\u00e5\u2026.. Persondata er alle typer information, der direkte eller indirekte kan kobles sammen med en person. Ogs\u00e5 n\u00e5r det kun er de s\u00e6rligt indviede, der kan gennemskue, hvem informationerne handler om.<\/p>\n<h3><\/h3>\n<h3><span class=\"fusion-dropcap dropcap\">F<\/span>\u00f8lsomme data<\/h3>\n<p>Salsa Viborg opsamler ikke personf\u00f8lsomme data! De data der indsamles via nemtilmeld vedr. dit kontonummer m.m, har vi ikke adgang til til at se.<\/p>\n<h3><\/h3>\n<h3><span class=\"fusion-dropcap dropcap\">C<\/span>ookies<\/h3>\n<p>Salsaviborg.dk bruger funktioner, der anvender cookies til at indsamle anonym information om brugen af dette website. Cookies gemmes p\u00e5 din computer, mobil eller anden elektronisk som du bruger. Det indeb\u00e6rer, at vores statistikprogram kan t\u00e6lle, om eller bes\u00f8gende er f\u00f8rste gangs bes\u00f8gende eller tilbagevendende g\u00e6ster. Cookies kan ikke indeholde skadelig kode, eksempelvis virus. Cookies sletter sig selv efter et vist antal m\u00e5neder (det varierer efter type), men de fornys under hvert bes\u00f8g.<\/p>\n<h3><\/h3>\n<h3><span class=\"fusion-dropcap dropcap\">H<\/span>vad er cookies<\/h3>\n<p>En \u201dCookie\u201d er en smart lille datafil &#8211; en informations kapsel. Er der lagt en cookie i din browser, bliver den genkendt, hvis du kommer p\u00e5 bes\u00f8g igen. Den kan eksempelvis autoudfylde dit brugernavn og din emailadresse i formularer.<\/p>\n<h3><\/h3>\n<h3><span class=\"fusion-dropcap dropcap\">H<\/span>oly moly &#8211; du holdt ud<\/h3>\n<p>Tillykke. Du har l\u00e6st &#8211; eller i det mindste scannet og skimmet &#8211; Salsa Viborgs persondatapolitik. \ud83d\ude09<\/p>","protected":false},"excerpt":{"rendered":"<p>ersondatapolitik &nbsp; ersonlige data Denne persondatapolitik g\u00e6lder for alt, vi opsnapper om dig, n\u00e5r du: Bruger salsaviborg.dk Sender mail til os Skriver til os via sociale medier Tilmelder dig p\u00e5 et af vores dansehold via<\/p>","protected":false},"author":1,"featured_media":0,"parent":0,"menu_order":0,"comment_status":"closed","ping_status":"closed","template":"","meta":{"jetpack_post_was_ever_published":false,"footnotes":""},"class_list":["post-4","page","type-page","status-publish","hentry"],"yoast_head":"<!-- This site is optimized with the Yoast SEO plugin v27.4 - https:\/\/yoast.com\/product\/yoast-seo-wordpress\/ -->\n<title>Persondatapolitik - Salsa Viborg<\/title>\n<meta name=\"robots\" content=\"index, follow, max-snippet:-1, max-image-preview:large, max-video-preview:-1\" \/>\n<link rel=\"canonical\" href=\"https:\/\/cp13.nordicway.dk\/~salsavib\/en\/privatlivspolitik\/\" \/>\n<meta property=\"og:locale\" content=\"en_US\" \/>\n<meta property=\"og:type\" content=\"article\" \/>\n<meta property=\"og:title\" content=\"Persondatapolitik - Salsa Viborg\" \/>\n<meta property=\"og:description\" content=\"ersondatapolitik &nbsp; ersonlige data Denne persondatapolitik g\u00e6lder for alt, vi opsnapper om dig, n\u00e5r du: Bruger salsaviborg.dk Sender mail til os Skriver til os via sociale medier Tilmelder dig p\u00e5 et af vores dansehold via\" \/>\n<meta property=\"og:url\" content=\"https:\/\/cp13.nordicway.dk\/~salsavib\/en\/privatlivspolitik\/\" \/>\n<meta property=\"og:site_name\" content=\"Salsa Viborg\" \/>\n<meta property=\"article:publisher\" content=\"https:\/\/www.facebook.com\/salsaviborg\/\" \/>\n<meta property=\"article:modified_time\" content=\"2019-11-28T21:13:42+00:00\" \/>\n<meta name=\"twitter:card\" content=\"summary_large_image\" \/>\n<meta name=\"twitter:label1\" content=\"Est. reading time\" \/>\n\t<meta name=\"twitter:data1\" content=\"3 minutes\" \/>\n<script type=\"application\/ld+json\" class=\"yoast-schema-graph\">{\"@context\":\"https:\\\/\\\/schema.org\",\"@graph\":[{\"@type\":\"WebPage\",\"@id\":\"https:\\\/\\\/cp13.nordicway.dk\\\/~salsavib\\\/privatlivspolitik\\\/\",\"url\":\"https:\\\/\\\/cp13.nordicway.dk\\\/~salsavib\\\/privatlivspolitik\\\/\",\"name\":\"Persondatapolitik - Salsa Viborg\",\"isPartOf\":{\"@id\":\"https:\\\/\\\/cp13.nordicway.dk\\\/~salsavib\\\/#website\"},\"datePublished\":\"2019-04-13T14:11:27+00:00\",\"dateModified\":\"2019-11-28T21:13:42+00:00\",\"breadcrumb\":{\"@id\":\"https:\\\/\\\/cp13.nordicway.dk\\\/~salsavib\\\/privatlivspolitik\\\/#breadcrumb\"},\"inLanguage\":\"en-US\",\"potentialAction\":[{\"@type\":\"ReadAction\",\"target\":[\"https:\\\/\\\/cp13.nordicway.dk\\\/~salsavib\\\/privatlivspolitik\\\/\"]}]},{\"@type\":\"BreadcrumbList\",\"@id\":\"https:\\\/\\\/cp13.nordicway.dk\\\/~salsavib\\\/privatlivspolitik\\\/#breadcrumb\",\"itemListElement\":[{\"@type\":\"ListItem\",\"position\":1,\"name\":\"Hjem\",\"item\":\"https:\\\/\\\/cp13.nordicway.dk\\\/~salsavib\\\/\"},{\"@type\":\"ListItem\",\"position\":2,\"name\":\"Persondatapolitik\"}]},{\"@type\":\"WebSite\",\"@id\":\"https:\\\/\\\/cp13.nordicway.dk\\\/~salsavib\\\/#website\",\"url\":\"https:\\\/\\\/cp13.nordicway.dk\\\/~salsavib\\\/\",\"name\":\"Salsa Viborg\",\"description\":\"Undervisnings tilbud salsa p\u00e5 begynder, improver, let \u00f8vet og \u00f8vet hold\",\"publisher\":{\"@id\":\"https:\\\/\\\/cp13.nordicway.dk\\\/~salsavib\\\/#organization\"},\"potentialAction\":[{\"@type\":\"SearchAction\",\"target\":{\"@type\":\"EntryPoint\",\"urlTemplate\":\"https:\\\/\\\/cp13.nordicway.dk\\\/~salsavib\\\/?s={search_term_string}\"},\"query-input\":{\"@type\":\"PropertyValueSpecification\",\"valueRequired\":true,\"valueName\":\"search_term_string\"}}],\"inLanguage\":\"en-US\"},{\"@type\":\"Organization\",\"@id\":\"https:\\\/\\\/cp13.nordicway.dk\\\/~salsavib\\\/#organization\",\"name\":\"Salsa Viborg\",\"url\":\"https:\\\/\\\/cp13.nordicway.dk\\\/~salsavib\\\/\",\"logo\":{\"@type\":\"ImageObject\",\"inLanguage\":\"en-US\",\"@id\":\"https:\\\/\\\/cp13.nordicway.dk\\\/~salsavib\\\/#\\\/schema\\\/logo\\\/image\\\/\",\"url\":\"https:\\\/\\\/i2.wp.com\\\/salsaviborg.dk\\\/wp-content\\\/uploads\\\/2019\\\/04\\\/salsa.jpg?fit=850%2C310&ssl=1\",\"contentUrl\":\"https:\\\/\\\/i2.wp.com\\\/salsaviborg.dk\\\/wp-content\\\/uploads\\\/2019\\\/04\\\/salsa.jpg?fit=850%2C310&ssl=1\",\"width\":850,\"height\":310,\"caption\":\"Salsa Viborg\"},\"image\":{\"@id\":\"https:\\\/\\\/cp13.nordicway.dk\\\/~salsavib\\\/#\\\/schema\\\/logo\\\/image\\\/\"},\"sameAs\":[\"https:\\\/\\\/www.facebook.com\\\/salsaviborg\\\/\"]}]}<\/script>\n<!-- \/ Yoast SEO plugin. -->","yoast_head_json":{"title":"Persondatapolitik - Salsa Viborg","robots":{"index":"index","follow":"follow","max-snippet":"max-snippet:-1","max-image-preview":"max-image-preview:large","max-video-preview":"max-video-preview:-1"},"canonical":"https:\/\/cp13.nordicway.dk\/~salsavib\/en\/privatlivspolitik\/","og_locale":"en_US","og_type":"article","og_title":"Persondatapolitik - Salsa Viborg","og_description":"ersondatapolitik &nbsp; ersonlige data Denne persondatapolitik g\u00e6lder for alt, vi opsnapper om dig, n\u00e5r du: Bruger salsaviborg.dk Sender mail til os Skriver til os via sociale medier Tilmelder dig p\u00e5 et af vores dansehold via","og_url":"https:\/\/cp13.nordicway.dk\/~salsavib\/en\/privatlivspolitik\/","og_site_name":"Salsa Viborg","article_publisher":"https:\/\/www.facebook.com\/salsaviborg\/","article_modified_time":"2019-11-28T21:13:42+00:00","twitter_card":"summary_large_image","twitter_misc":{"Est. reading time":"3 minutes"},"schema":{"@context":"https:\/\/schema.org","@graph":[{"@type":"WebPage","@id":"https:\/\/cp13.nordicway.dk\/~salsavib\/privatlivspolitik\/","url":"https:\/\/cp13.nordicway.dk\/~salsavib\/privatlivspolitik\/","name":"Persondatapolitik - Salsa Viborg","isPartOf":{"@id":"https:\/\/cp13.nordicway.dk\/~salsavib\/#website"},"datePublished":"2019-04-13T14:11:27+00:00","dateModified":"2019-11-28T21:13:42+00:00","breadcrumb":{"@id":"https:\/\/cp13.nordicway.dk\/~salsavib\/privatlivspolitik\/#breadcrumb"},"inLanguage":"en-US","potentialAction":[{"@type":"ReadAction","target":["https:\/\/cp13.nordicway.dk\/~salsavib\/privatlivspolitik\/"]}]},{"@type":"BreadcrumbList","@id":"https:\/\/cp13.nordicway.dk\/~salsavib\/privatlivspolitik\/#breadcrumb","itemListElement":[{"@type":"ListItem","position":1,"name":"Hjem","item":"https:\/\/cp13.nordicway.dk\/~salsavib\/"},{"@type":"ListItem","position":2,"name":"Persondatapolitik"}]},{"@type":"WebSite","@id":"https:\/\/cp13.nordicway.dk\/~salsavib\/#website","url":"https:\/\/cp13.nordicway.dk\/~salsavib\/","name":"Salsa Viborg","description":"Undervisnings tilbud salsa p\u00e5 begynder, improver, let \u00f8vet og \u00f8vet hold","publisher":{"@id":"https:\/\/cp13.nordicway.dk\/~salsavib\/#organization"},"potentialAction":[{"@type":"SearchAction","target":{"@type":"EntryPoint","urlTemplate":"https:\/\/cp13.nordicway.dk\/~salsavib\/?s={search_term_string}"},"query-input":{"@type":"PropertyValueSpecification","valueRequired":true,"valueName":"search_term_string"}}],"inLanguage":"en-US"},{"@type":"Organization","@id":"https:\/\/cp13.nordicway.dk\/~salsavib\/#organization","name":"Salsa Viborg","url":"https:\/\/cp13.nordicway.dk\/~salsavib\/","logo":{"@type":"ImageObject","inLanguage":"en-US","@id":"https:\/\/cp13.nordicway.dk\/~salsavib\/#\/schema\/logo\/image\/","url":"https:\/\/i2.wp.com\/salsaviborg.dk\/wp-content\/uploads\/2019\/04\/salsa.jpg?fit=850%2C310&ssl=1","contentUrl":"https:\/\/i2.wp.com\/salsaviborg.dk\/wp-content\/uploads\/2019\/04\/salsa.jpg?fit=850%2C310&ssl=1","width":850,"height":310,"caption":"Salsa Viborg"},"image":{"@id":"https:\/\/cp13.nordicway.dk\/~salsavib\/#\/schema\/logo\/image\/"},"sameAs":["https:\/\/www.facebook.com\/salsaviborg\/"]}]}},"jetpack_sharing_enabled":true,"jetpack_shortlink":"https:\/\/wp.me\/PaU1be-4","jetpack_likes_enabled":true,"_links":{"self":[{"href":"https:\/\/cp13.nordicway.dk\/~salsavib\/en\/wp-json\/wp\/v2\/pages\/4","targetHints":{"allow":["GET"]}}],"collection":[{"href":"https:\/\/cp13.nordicway.dk\/~salsavib\/en\/wp-json\/wp\/v2\/pages"}],"about":[{"href":"https:\/\/cp13.nordicway.dk\/~salsavib\/en\/wp-json\/wp\/v2\/types\/page"}],"author":[{"embeddable":true,"href":"https:\/\/cp13.nordicway.dk\/~salsavib\/en\/wp-json\/wp\/v2\/users\/1"}],"replies":[{"embeddable":true,"href":"https:\/\/cp13.nordicway.dk\/~salsavib\/en\/wp-json\/wp\/v2\/comments?post=4"}],"version-history":[{"count":6,"href":"https:\/\/cp13.nordicway.dk\/~salsavib\/en\/wp-json\/wp\/v2\/pages\/4\/revisions"}],"predecessor-version":[{"id":1918,"href":"https:\/\/cp13.nordicway.dk\/~salsavib\/en\/wp-json\/wp\/v2\/pages\/4\/revisions\/1918"}],"wp:attachment":[{"href":"https:\/\/cp13.nordicway.dk\/~salsavib\/en\/wp-json\/wp\/v2\/media?parent=4"}],"curies":[{"name":"wp","href":"https:\/\/api.w.org\/{rel}","templated":true}]}}