{"id":646,"date":"2019-04-14T04:47:35","date_gmt":"2019-04-14T02:47:35","guid":{"rendered":"https:\/\/cp13.nordicway.dk\/~salsavib\/?page_id=646"},"modified":"2023-06-26T13:39:11","modified_gmt":"2023-06-26T11:39:11","slug":"salsa-hold-i-flere-niveauer","status":"publish","type":"page","link":"https:\/\/cp13.nordicway.dk\/~salsavib\/en\/salsa-hold-i-flere-niveauer\/","title":{"rendered":"Danse hold"},"content":{"rendered":"<p><div class=\"fusion-fullwidth fullwidth-box fusion-builder-row-1 nonhundred-percent-fullwidth non-hundred-percent-height-scrolling\" style=\"--awb-border-radius-top-left:0px;--awb-border-radius-top-right:0px;--awb-border-radius-bottom-right:0px;--awb-border-radius-bottom-left:0px;--awb-padding-bottom:50px;--awb-flex-wrap:wrap;\" ><div class=\"fusion-builder-row fusion-row\"><div class=\"fusion-layout-column fusion_builder_column fusion-builder-column-0 fusion_builder_column_1_1 1_1 fusion-one-full fusion-column-first fusion-column-last\" style=\"--awb-bg-size:cover;\"><div class=\"fusion-column-wrapper fusion-column-has-shadow fusion-flex-column-wrapper-legacy\"><div class=\"fusion-text fusion-text-1\"><h3><span class=\"fusion-dropcap dropcap\">S<\/span>alsa hold<\/h3>\n<\/div><div class=\"fusion-clearfix\"><\/div><\/div><\/div><\/div><\/div><div class=\"fusion-fullwidth fullwidth-box fusion-builder-row-2 hundred-percent-fullwidth non-hundred-percent-height-scrolling fusion-equal-height-columns\" style=\"--awb-background-position:left top;--awb-border-sizes-top:0px;--awb-border-sizes-bottom:0px;--awb-border-sizes-left:0px;--awb-border-sizes-right:0px;--awb-border-radius-top-left:0px;--awb-border-radius-top-right:0px;--awb-border-radius-bottom-right:0px;--awb-border-radius-bottom-left:0px;--awb-padding-top:0px;--awb-padding-right:0px;--awb-padding-bottom:0px;--awb-padding-left:0px;--awb-flex-wrap:wrap;\" ><div class=\"fusion-builder-row fusion-row\"><div class=\"fusion-layout-column fusion_builder_column fusion-builder-column-1 fusion_builder_column_1_4 1_4 fusion-one-fourth fusion-column-first fusion-column-inner-bg-wrapper\" style=\"--awb-inner-bg-image:url(&#039;https:\/\/cp13.nordicway.dk\/~salsavib\/wp-content\/uploads\/2019\/04\/begynder-hold-2.png&#039;);--awb-inner-bg-position:right top;--awb-inner-bg-size:cover;\"><span class=\"fusion-column-inner-bg hover-type-zoomin\"><a class=\"fusion-column-anchor\" href=\"https:\/\/cp13.nordicway.dk\/~salsavib\/en\/salsa-hold\/begyndersalsa\/\"><span class=\"fusion-column-inner-bg-image\"><\/span><\/a><\/span><div class=\"fusion-column-wrapper fusion-column-has-shadow fusion-flex-column-wrapper-legacy fusion-column-has-bg-image\" data-bg-url=\"https:\/\/cp13.nordicway.dk\/~salsavib\/wp-content\/uploads\/2019\/04\/begynder-hold-2.png\"><div class=\"fusion-sep-clear\"><\/div><div class=\"fusion-separator fusion-full-width-sep mySep\" style=\"margin-left: auto;margin-right: auto;margin-top:550px;width:100%;\"><\/div><div class=\"fusion-sep-clear\"><\/div><div style=\"height: 125px; background: #cd2024; padding: 30px 50px; color: #ffffff; opacity: 0.95; transform: translateZ(0);\">\n<h3><a style=\"color: #ffffff;\" href=\"\">Beginner<\/a><\/h3>\n<\/div>\n<div class=\"fusion-clearfix\"><\/div><\/div><\/div><div class=\"fusion-layout-column fusion_builder_column fusion-builder-column-2 fusion_builder_column_1_4 1_4 fusion-one-fourth fusion-column-inner-bg-wrapper\" style=\"--awb-inner-bg-image:url(&#039;https:\/\/cp13.nordicway.dk\/~salsavib\/wp-content\/uploads\/2019\/04\/improver-hold-2.png&#039;);--awb-inner-bg-position:right top;--awb-inner-bg-size:cover;\"><span class=\"fusion-column-inner-bg hover-type-zoomin\"><a class=\"fusion-column-anchor\" href=\"https:\/\/cp13.nordicway.dk\/~salsavib\/en\/salsa-hold-i-flere-niveauer\/improver-holdet\/\"><span class=\"fusion-column-inner-bg-image\"><\/span><\/a><\/span><div class=\"fusion-column-wrapper fusion-column-has-shadow fusion-flex-column-wrapper-legacy fusion-column-has-bg-image\" data-bg-url=\"https:\/\/cp13.nordicway.dk\/~salsavib\/wp-content\/uploads\/2019\/04\/improver-hold-2.png\"><div class=\"fusion-sep-clear\"><\/div><div class=\"fusion-separator fusion-full-width-sep mySep\" style=\"margin-left: auto;margin-right: auto;margin-top:550px;width:100%;\"><\/div><div class=\"fusion-sep-clear\"><\/div><div style=\"height: 125px; background: #0a1e43; padding: 30px 50px; color: #ffffff; opacity: 0.95; transform: translateZ(0);\">\n<h3><a style=\"color: #ffffff;\" href=\"https:\/\/salsaviborg.dk\/salsa-hold-i-flere-niveauer\/improver-holdet\/\">Improver<\/a><\/h3>\n<\/div>\n<div class=\"fusion-clearfix\"><\/div><\/div><\/div><div class=\"fusion-layout-column fusion_builder_column fusion-builder-column-3 fusion_builder_column_1_4 1_4 fusion-one-fourth fusion-column-inner-bg-wrapper\" style=\"--awb-inner-bg-image:url(&#039;https:\/\/cp13.nordicway.dk\/~salsavib\/wp-content\/uploads\/2019\/04\/letovet-hold-1.png&#039;);--awb-inner-bg-position:right top;--awb-inner-bg-size:cover;\"><span class=\"fusion-column-inner-bg hover-type-zoomin\"><a class=\"fusion-column-anchor\" href=\"https:\/\/cp13.nordicway.dk\/~salsavib\/en\/salsa-hold-i-flere-niveauer\/let-oevet\/\"><span class=\"fusion-column-inner-bg-image\"><\/span><\/a><\/span><div class=\"fusion-column-wrapper fusion-column-has-shadow fusion-flex-column-wrapper-legacy fusion-column-has-bg-image\" data-bg-url=\"https:\/\/cp13.nordicway.dk\/~salsavib\/wp-content\/uploads\/2019\/04\/letovet-hold-1.png\"><div class=\"fusion-sep-clear\"><\/div><div class=\"fusion-separator fusion-full-width-sep mySep\" style=\"margin-left: auto;margin-right: auto;margin-top:550px;width:100%;\"><\/div><div class=\"fusion-sep-clear\"><\/div><div style=\"height: 125px; background: #123266; padding: 30px 50px; color: #ffffff; opacity: 0.95; transform: translateZ(0);\">\n<h3><a style=\"color: #ffffff;\" href=\"https:\/\/salsaviborg.dk\/salsa-hold-i-flere-niveauer\/let-oevet\/\">Intermediate Class<\/a><\/h3>\n<\/div>\n<div class=\"fusion-clearfix\"><\/div><\/div><\/div><div class=\"fusion-layout-column fusion_builder_column fusion-builder-column-4 fusion_builder_column_1_4 1_4 fusion-one-fourth fusion-column-last fusion-column-inner-bg-wrapper\" style=\"--awb-inner-bg-image:url(&#039;https:\/\/cp13.nordicway.dk\/~salsavib\/wp-content\/uploads\/2019\/04\/ovet-hold-1.png&#039;);--awb-inner-bg-position:right top;--awb-inner-bg-size:cover;\"><span class=\"fusion-column-inner-bg hover-type-zoomin\"><a class=\"fusion-column-anchor\" href=\"https:\/\/cp13.nordicway.dk\/~salsavib\/en\/salsa-hold-i-flere-niveauer\/oevet-hold\/\"><span class=\"fusion-column-inner-bg-image\"><\/span><\/a><\/span><div class=\"fusion-column-wrapper fusion-column-has-shadow fusion-flex-column-wrapper-legacy fusion-column-has-bg-image\" data-bg-url=\"https:\/\/cp13.nordicway.dk\/~salsavib\/wp-content\/uploads\/2019\/04\/ovet-hold-1.png\"><div class=\"fusion-sep-clear\"><\/div><div class=\"fusion-separator fusion-full-width-sep mySep\" style=\"margin-left: auto;margin-right: auto;margin-top:550px;width:100%;\"><\/div><div class=\"fusion-sep-clear\"><\/div><div style=\"height: 125px; background: #5794f6; padding: 30px 50px; color: #ffffff; opacity: 0.95; transform: translateZ(0);\">\n<h3><a style=\"color: #ffffff;\" href=\"https:\/\/salsaviborg.dk\/salsa-hold-i-flere-niveauer\/oevet-hold\/\">Advanced<\/a><\/h3>\n<\/div>\n<div class=\"fusion-clearfix\"><\/div><\/div><\/div><\/div><\/div>\n<div class=\"fusion-fullwidth fullwidth-box fusion-builder-row-3 nonhundred-percent-fullwidth non-hundred-percent-height-scrolling\" style=\"--awb-border-radius-top-left:0px;--awb-border-radius-top-right:0px;--awb-border-radius-bottom-right:0px;--awb-border-radius-bottom-left:0px;--awb-padding-top:50px;--awb-padding-bottom:50px;--awb-flex-wrap:wrap;\" ><div class=\"fusion-builder-row fusion-row\"><div class=\"fusion-layout-column fusion_builder_column fusion-builder-column-5 fusion_builder_column_1_1 1_1 fusion-one-full fusion-column-first fusion-column-last\" style=\"--awb-bg-size:cover;\"><div class=\"fusion-column-wrapper fusion-flex-column-wrapper-legacy\"><div class=\"fusion-text fusion-text-2\"><h3><span class=\"fusion-dropcap dropcap\">A<\/span>little about Salsa<\/h3>\n<p>Why have millions of people around the world over the last 30 years become obsessed with Cuban salsa? One of the explanations is that salsa is not just a dance style among many others. Salsa means \"sauce\" in Spanish, suggesting that salsa is a fusion, a variety and a whole. With the name \"sauce\"  the Cubans makes fun at the way we in the West traditionally have perceived classical dance as divided and divided into genres, dance-style and complicated categories, which one should preferably be a fine-cultural expert to understand.<\/p>\n<p>Salsa is not fine culture and to dance salsa it is not important to be an expert. Salsa is for everyone - young and old, thick and thin, high and low, even sick and weak. The important thing is not how you look when you dance, but the joy of dance and the community you experience as you move and improvise, playfully and sweaty with others to rhythmic music. Many people use salsa to recover from a depression.<\/p>\n<p>The Cuban salsa culture derives from three continents - Africa, America and Europe - and has been fused to the sauce called salsa. Sauce also leads the thought to something that is not necessarily particularly beautiful, but which is fluid, which irritates the senses with smells, tastes and colors and which above all must be experienced and enjoyed.<\/p>\n<div class=\"elementor-element elementor-element-l8x48b8 elementor-widget elementor-widget-heading\" data-id=\"l8x48b8\" data-element_type=\"widget\" data-widget_type=\"heading.default\">\n<div class=\"elementor-widget-container\">\n<h3><span class=\"fusion-dropcap dropcap\">S<\/span>alsa cuban style<\/h3>\n<\/div>\n<\/div>\n<div class=\"elementor-element elementor-element-6s6hegq elementor-position-top elementor-vertical-align-top elementor-widget elementor-widget-image-box\" data-id=\"6s6hegq\" data-element_type=\"widget\" data-widget_type=\"image-box.default\">\n<div class=\"elementor-widget-container\">\n<div class=\"elementor-image-box-wrapper\">\n<div class=\"elementor-image-box-content\">\n<p class=\"elementor-image-box-description\">Den s\u00e5kaldte cubanske stil er den oprindelige m\u00e5de at salsa dans p\u00e5.<\/p>\n<p class=\"elementor-image-box-description\">Det tager, i mods\u00e6tning til de stilarter, der er opst\u00e5et i de senere \u00e5r, flere elementer og trin fra: montuno, urban son, guaracha, mambo og et par danse fra andre lande og kulturer. Det er den mest komplekse cubanske dans og ogs\u00e5 den sjoveste.<\/p>\n<p class=\"elementor-image-box-description\">De f\u00f8rste trin i denne dans fandt sted i Casino Deportivo de La Habana og i andre dansehaller i den cubanske hovedstad i slutningen af \u200b\u200bhalvtredserne. Derfor hedder det p\u00e5 Cuba: Casino, der oprindeligt blev kaldt &#8220;Dance of Casino&#8221;.<\/p>\n<p class=\"elementor-image-box-description\">Casino er legende, rytmisk og livligt og er ikke orienteret mod konkurrence.<\/p>\n<p class=\"elementor-image-box-description\">I de forskellige figurer &#8211; nogle er meget komplicerede &#8211; er der flere kombinationer af grundl\u00e6ggende trin, der skal mestres for at kunne udf\u00f8res korrekt.<\/p>\n<p class=\"elementor-image-box-description\">Musik: Salsa spilles p\u00e5 4\/4 tid og lyder mere indviklet end Merengue og Bachata p\u00e5 grund af sin synkoperede rytme, kendt som &#8220;Clave&#8221; -rytmen.<\/p>\n<p class=\"elementor-image-box-description\">Trin: Salsa Basic best\u00e5r af 3 trin (2 quicks og 1 slow eller pause). Du kan danse Salsa &#8220;On1&#8221; (LA-stil) eller &#8220;On2&#8221; (NY-stil); Med andre ord kan du starte dit f\u00f8rste skridt (break-step) p\u00e5 f\u00f8rste beat (den st\u00e6rke beat) eller anden beat. Fodarbejdet i begge stilarter er generelt det samme, men f\u00f8lelserne er helt forskellige. Dancing &#8220;On1&#8221; ser ud til at v\u00e6re mere sp\u00e6ndende og blinkende, mens dansen &#8220;On2&#8221; f\u00f8les mere afslappet og glat.<\/p>\n<p>I Salsa Viborg danser vi cubansk salsa (casino) &#8220;On1&#8221; p\u00e5 vores fire forskellige hold; begynder, improver, let \u00f8vet og \u00f8vet.<\/p>\n<\/div>\n<\/div>\n<\/div>\n<\/div>\n<div class=\"elementor-element elementor-element-ktqjahl elementor-widget elementor-widget-heading\" data-id=\"ktqjahl\" data-element_type=\"widget\" data-widget_type=\"heading.default\">\n<div class=\"elementor-widget-container\">\n<h3 class=\"elementor-heading-title elementor-size-default\"><span class=\"fusion-dropcap dropcap\">R<\/span>ueda de casino<\/h3>\n<\/div>\n<\/div>\n<div class=\"elementor-element elementor-element-ktjaojg elementor-position-top elementor-vertical-align-top elementor-widget elementor-widget-image-box\" data-id=\"ktjaojg\" data-element_type=\"widget\" data-widget_type=\"image-box.default\">\n<div class=\"elementor-widget-container\">\n<div class=\"elementor-image-box-wrapper\">\n<div class=\"elementor-image-box-content\">\n<p class=\"elementor-image-box-description\">Rueda de casino, kasinohjulet, har en grundl\u00e6ggende struktur af par, der danner en cirkel.<\/p>\n<p class=\"elementor-image-box-description\">Parrene danser de figurer &#8220;kalderen&#8221; kalder rundt i cirklen, og bytter i nogle af figurene partnere. Hvorved der opst\u00e5r et flow og en team dans.<\/p>\n<p class=\"elementor-image-box-description\">For mange rueda dansere er den regelm\u00e6ssige Rueda de casino den eneste m\u00e5de at danse rueda p\u00e5. For andre er det begyndelsen. Efter nogle \u00e5r med dansende rueda, pr\u00f8ver nogle mennesker andre strukturer og begynder at eksperimentere med forskellige kombinationer.<\/p>\n<p class=\"elementor-image-box-description\">Denne m\u00e5de at danse salsa p\u00e5 i par og med skiftende partnere l\u00f8bende i en dynamisk tilstand er blevet mere og mere popul\u00e6r p\u00e5 grund af sin form, hvor danserne blot nyder og slapper af, glemmer vores travle daglige liv og l\u00e6re samtidig.<\/p>\n<\/div>\n<\/div>\n<\/div>\n<\/div>\n<div class=\"elementor-element elementor-element-3725j0m elementor-widget elementor-widget-divider\" data-id=\"3725j0m\" data-element_type=\"widget\" data-widget_type=\"divider.default\">\n<div class=\"elementor-widget-container\">\n<div class=\"elementor-divider\">I Salsa Viborg danser vi Rueda de Casino p\u00e5 vores salsa improver, let \u00f8vet og \u00f8vet hold.<\/div>\n<\/div>\n<\/div>\n<\/div><div class=\"fusion-clearfix\"><\/div><\/div><\/div><\/div><\/div>\n<\/p>","protected":false},"excerpt":{"rendered":"","protected":false},"author":1,"featured_media":0,"parent":0,"menu_order":0,"comment_status":"closed","ping_status":"closed","template":"","meta":{"jetpack_post_was_ever_published":false,"footnotes":""},"class_list":["post-646","page","type-page","status-publish","hentry"],"yoast_head":"<!-- This site is optimized with the Yoast SEO plugin v27.5 - https:\/\/yoast.com\/product\/yoast-seo-wordpress\/ -->\n<title>Danse hold - begynder, improver, let \u00f8vet og \u00f8vet danse kursus<\/title>\n<meta name=\"description\" content=\"I salsa Viborg har vi flera salsa hold. Vi danser cubansk salsa p\u00e5 begynder, improver, let \u00f8vet og \u00f8vet hold. Kom og dans med os. God sted at score damer.\" \/>\n<meta name=\"robots\" content=\"index, follow, max-snippet:-1, max-image-preview:large, max-video-preview:-1\" \/>\n<link rel=\"canonical\" href=\"https:\/\/cp13.nordicway.dk\/~salsavib\/en\/salsa-hold-i-flere-niveauer\/\" \/>\n<meta property=\"og:locale\" content=\"en_US\" \/>\n<meta property=\"og:type\" content=\"article\" \/>\n<meta property=\"og:title\" content=\"Danse hold - begynder, improver, let \u00f8vet og \u00f8vet danse kursus\" \/>\n<meta property=\"og:description\" content=\"I salsa Viborg har vi flera salsa hold. Vi danser cubansk salsa p\u00e5 begynder, improver, let \u00f8vet og \u00f8vet hold. Kom og dans med os. God sted at score damer.\" \/>\n<meta property=\"og:url\" content=\"https:\/\/cp13.nordicway.dk\/~salsavib\/en\/salsa-hold-i-flere-niveauer\/\" \/>\n<meta property=\"og:site_name\" content=\"Salsa Viborg\" \/>\n<meta property=\"article:publisher\" content=\"https:\/\/www.facebook.com\/salsaviborg\/\" \/>\n<meta property=\"article:modified_time\" content=\"2023-06-26T11:39:11+00:00\" \/>\n<meta name=\"twitter:card\" content=\"summary_large_image\" \/>\n<meta name=\"twitter:label1\" content=\"Est. reading time\" \/>\n\t<meta name=\"twitter:data1\" content=\"2 minutes\" \/>\n<script type=\"application\/ld+json\" class=\"yoast-schema-graph\">{\"@context\":\"https:\\\/\\\/schema.org\",\"@graph\":[{\"@type\":\"WebPage\",\"@id\":\"https:\\\/\\\/cp13.nordicway.dk\\\/~salsavib\\\/salsa-hold-i-flere-niveauer\\\/\",\"url\":\"https:\\\/\\\/cp13.nordicway.dk\\\/~salsavib\\\/salsa-hold-i-flere-niveauer\\\/\",\"name\":\"Danse hold - begynder, improver, let \u00f8vet og \u00f8vet danse kursus\",\"isPartOf\":{\"@id\":\"https:\\\/\\\/cp13.nordicway.dk\\\/~salsavib\\\/#website\"},\"datePublished\":\"2019-04-14T02:47:35+00:00\",\"dateModified\":\"2023-06-26T11:39:11+00:00\",\"description\":\"I salsa Viborg har vi flera salsa hold. Vi danser cubansk salsa p\u00e5 begynder, improver, let \u00f8vet og \u00f8vet hold. Kom og dans med os. God sted at score damer.\",\"breadcrumb\":{\"@id\":\"https:\\\/\\\/cp13.nordicway.dk\\\/~salsavib\\\/salsa-hold-i-flere-niveauer\\\/#breadcrumb\"},\"inLanguage\":\"en-US\",\"potentialAction\":[{\"@type\":\"ReadAction\",\"target\":[\"https:\\\/\\\/cp13.nordicway.dk\\\/~salsavib\\\/salsa-hold-i-flere-niveauer\\\/\"]}]},{\"@type\":\"BreadcrumbList\",\"@id\":\"https:\\\/\\\/cp13.nordicway.dk\\\/~salsavib\\\/salsa-hold-i-flere-niveauer\\\/#breadcrumb\",\"itemListElement\":[{\"@type\":\"ListItem\",\"position\":1,\"name\":\"Hjem\",\"item\":\"https:\\\/\\\/cp13.nordicway.dk\\\/~salsavib\\\/\"},{\"@type\":\"ListItem\",\"position\":2,\"name\":\"Danse hold\"}]},{\"@type\":\"WebSite\",\"@id\":\"https:\\\/\\\/cp13.nordicway.dk\\\/~salsavib\\\/#website\",\"url\":\"https:\\\/\\\/cp13.nordicway.dk\\\/~salsavib\\\/\",\"name\":\"Salsa Viborg\",\"description\":\"Undervisnings tilbud salsa p\u00e5 begynder, improver, let \u00f8vet og \u00f8vet hold\",\"publisher\":{\"@id\":\"https:\\\/\\\/cp13.nordicway.dk\\\/~salsavib\\\/#organization\"},\"potentialAction\":[{\"@type\":\"SearchAction\",\"target\":{\"@type\":\"EntryPoint\",\"urlTemplate\":\"https:\\\/\\\/cp13.nordicway.dk\\\/~salsavib\\\/?s={search_term_string}\"},\"query-input\":{\"@type\":\"PropertyValueSpecification\",\"valueRequired\":true,\"valueName\":\"search_term_string\"}}],\"inLanguage\":\"en-US\"},{\"@type\":\"Organization\",\"@id\":\"https:\\\/\\\/cp13.nordicway.dk\\\/~salsavib\\\/#organization\",\"name\":\"Salsa Viborg\",\"url\":\"https:\\\/\\\/cp13.nordicway.dk\\\/~salsavib\\\/\",\"logo\":{\"@type\":\"ImageObject\",\"inLanguage\":\"en-US\",\"@id\":\"https:\\\/\\\/cp13.nordicway.dk\\\/~salsavib\\\/#\\\/schema\\\/logo\\\/image\\\/\",\"url\":\"https:\\\/\\\/i2.wp.com\\\/salsaviborg.dk\\\/wp-content\\\/uploads\\\/2019\\\/04\\\/salsa.jpg?fit=850%2C310&ssl=1\",\"contentUrl\":\"https:\\\/\\\/i2.wp.com\\\/salsaviborg.dk\\\/wp-content\\\/uploads\\\/2019\\\/04\\\/salsa.jpg?fit=850%2C310&ssl=1\",\"width\":850,\"height\":310,\"caption\":\"Salsa Viborg\"},\"image\":{\"@id\":\"https:\\\/\\\/cp13.nordicway.dk\\\/~salsavib\\\/#\\\/schema\\\/logo\\\/image\\\/\"},\"sameAs\":[\"https:\\\/\\\/www.facebook.com\\\/salsaviborg\\\/\"]}]}<\/script>\n<!-- \/ Yoast SEO plugin. -->","yoast_head_json":{"title":"Danse hold - begynder, improver, let \u00f8vet og \u00f8vet danse kursus","description":"I salsa Viborg har vi flera salsa hold. Vi danser cubansk salsa p\u00e5 begynder, improver, let \u00f8vet og \u00f8vet hold. Kom og dans med os. God sted at score damer.","robots":{"index":"index","follow":"follow","max-snippet":"max-snippet:-1","max-image-preview":"max-image-preview:large","max-video-preview":"max-video-preview:-1"},"canonical":"https:\/\/cp13.nordicway.dk\/~salsavib\/en\/salsa-hold-i-flere-niveauer\/","og_locale":"en_US","og_type":"article","og_title":"Danse hold - begynder, improver, let \u00f8vet og \u00f8vet danse kursus","og_description":"I salsa Viborg har vi flera salsa hold. Vi danser cubansk salsa p\u00e5 begynder, improver, let \u00f8vet og \u00f8vet hold. Kom og dans med os. God sted at score damer.","og_url":"https:\/\/cp13.nordicway.dk\/~salsavib\/en\/salsa-hold-i-flere-niveauer\/","og_site_name":"Salsa Viborg","article_publisher":"https:\/\/www.facebook.com\/salsaviborg\/","article_modified_time":"2023-06-26T11:39:11+00:00","twitter_card":"summary_large_image","twitter_misc":{"Est. reading time":"2 minutes"},"schema":{"@context":"https:\/\/schema.org","@graph":[{"@type":"WebPage","@id":"https:\/\/cp13.nordicway.dk\/~salsavib\/salsa-hold-i-flere-niveauer\/","url":"https:\/\/cp13.nordicway.dk\/~salsavib\/salsa-hold-i-flere-niveauer\/","name":"Danse hold - begynder, improver, let \u00f8vet og \u00f8vet danse kursus","isPartOf":{"@id":"https:\/\/cp13.nordicway.dk\/~salsavib\/#website"},"datePublished":"2019-04-14T02:47:35+00:00","dateModified":"2023-06-26T11:39:11+00:00","description":"I salsa Viborg har vi flera salsa hold. Vi danser cubansk salsa p\u00e5 begynder, improver, let \u00f8vet og \u00f8vet hold. Kom og dans med os. God sted at score damer.","breadcrumb":{"@id":"https:\/\/cp13.nordicway.dk\/~salsavib\/salsa-hold-i-flere-niveauer\/#breadcrumb"},"inLanguage":"en-US","potentialAction":[{"@type":"ReadAction","target":["https:\/\/cp13.nordicway.dk\/~salsavib\/salsa-hold-i-flere-niveauer\/"]}]},{"@type":"BreadcrumbList","@id":"https:\/\/cp13.nordicway.dk\/~salsavib\/salsa-hold-i-flere-niveauer\/#breadcrumb","itemListElement":[{"@type":"ListItem","position":1,"name":"Hjem","item":"https:\/\/cp13.nordicway.dk\/~salsavib\/"},{"@type":"ListItem","position":2,"name":"Danse hold"}]},{"@type":"WebSite","@id":"https:\/\/cp13.nordicway.dk\/~salsavib\/#website","url":"https:\/\/cp13.nordicway.dk\/~salsavib\/","name":"Salsa Viborg","description":"Undervisnings tilbud salsa p\u00e5 begynder, improver, let \u00f8vet og \u00f8vet hold","publisher":{"@id":"https:\/\/cp13.nordicway.dk\/~salsavib\/#organization"},"potentialAction":[{"@type":"SearchAction","target":{"@type":"EntryPoint","urlTemplate":"https:\/\/cp13.nordicway.dk\/~salsavib\/?s={search_term_string}"},"query-input":{"@type":"PropertyValueSpecification","valueRequired":true,"valueName":"search_term_string"}}],"inLanguage":"en-US"},{"@type":"Organization","@id":"https:\/\/cp13.nordicway.dk\/~salsavib\/#organization","name":"Salsa Viborg","url":"https:\/\/cp13.nordicway.dk\/~salsavib\/","logo":{"@type":"ImageObject","inLanguage":"en-US","@id":"https:\/\/cp13.nordicway.dk\/~salsavib\/#\/schema\/logo\/image\/","url":"https:\/\/i2.wp.com\/salsaviborg.dk\/wp-content\/uploads\/2019\/04\/salsa.jpg?fit=850%2C310&ssl=1","contentUrl":"https:\/\/i2.wp.com\/salsaviborg.dk\/wp-content\/uploads\/2019\/04\/salsa.jpg?fit=850%2C310&ssl=1","width":850,"height":310,"caption":"Salsa Viborg"},"image":{"@id":"https:\/\/cp13.nordicway.dk\/~salsavib\/#\/schema\/logo\/image\/"},"sameAs":["https:\/\/www.facebook.com\/salsaviborg\/"]}]}},"jetpack_sharing_enabled":true,"jetpack_shortlink":"https:\/\/wp.me\/PaU1be-aq","jetpack_likes_enabled":true,"_links":{"self":[{"href":"https:\/\/cp13.nordicway.dk\/~salsavib\/en\/wp-json\/wp\/v2\/pages\/646","targetHints":{"allow":["GET"]}}],"collection":[{"href":"https:\/\/cp13.nordicway.dk\/~salsavib\/en\/wp-json\/wp\/v2\/pages"}],"about":[{"href":"https:\/\/cp13.nordicway.dk\/~salsavib\/en\/wp-json\/wp\/v2\/types\/page"}],"author":[{"embeddable":true,"href":"https:\/\/cp13.nordicway.dk\/~salsavib\/en\/wp-json\/wp\/v2\/users\/1"}],"replies":[{"embeddable":true,"href":"https:\/\/cp13.nordicway.dk\/~salsavib\/en\/wp-json\/wp\/v2\/comments?post=646"}],"version-history":[{"count":47,"href":"https:\/\/cp13.nordicway.dk\/~salsavib\/en\/wp-json\/wp\/v2\/pages\/646\/revisions"}],"predecessor-version":[{"id":1960,"href":"https:\/\/cp13.nordicway.dk\/~salsavib\/en\/wp-json\/wp\/v2\/pages\/646\/revisions\/1960"}],"wp:attachment":[{"href":"https:\/\/cp13.nordicway.dk\/~salsavib\/en\/wp-json\/wp\/v2\/media?parent=646"}],"curies":[{"name":"wp","href":"https:\/\/api.w.org\/{rel}","templated":true}]}}