{"id":21,"date":"2019-04-13T18:31:27","date_gmt":"2019-04-13T16:31:27","guid":{"rendered":"https:\/\/cp13.nordicway.dk\/~salsavib\/?page_id=21"},"modified":"2020-02-12T12:31:47","modified_gmt":"2020-02-12T11:31:47","slug":"oevet-hold","status":"publish","type":"page","link":"https:\/\/cp13.nordicway.dk\/~salsavib\/salsa-hold-i-flere-niveauer\/oevet-hold\/","title":{"rendered":"\u00d8vet hold"},"content":{"rendered":"<div class=\"fusion-bg-parallax\" data-bg-align=\"right bottom\" data-direction=\"up\" data-mute=\"false\" data-opacity=\"100\" data-velocity=\"-0.2\" data-mobile-enabled=\"false\" data-break_parents=\"0\" data-bg-image=\"https:\/\/cp13.nordicway.dk\/~salsavib\/wp-content\/uploads\/2019\/04\/ovet-hold-246x300.png\" data-bg-repeat=\"false\" ><\/div><div class=\"fusion-fullwidth fullwidth-box fusion-builder-row-1 fusion-parallax-up nonhundred-percent-fullwidth non-hundred-percent-height-scrolling\" style=\"--awb-background-position:right bottom;--awb-border-radius-top-left:0px;--awb-border-radius-top-right:0px;--awb-border-radius-bottom-right:0px;--awb-border-radius-bottom-left:0px;--awb-padding-top:0px;--awb-padding-bottom:200px;--awb-background-image:url(&quot;https:\/\/cp13.nordicway.dk\/~salsavib\/wp-content\/uploads\/2019\/04\/ovet-hold-246x300.png&quot;);--awb-background-size:cover;--awb-border-sizes-top:0px;--awb-border-sizes-bottom:0px;--awb-flex-wrap:wrap;\" ><div class=\"fusion-builder-row fusion-row\"><div class=\"fusion-layout-column fusion_builder_column fusion-builder-column-0 fusion_builder_column_1_2 1_2 fusion-one-half fusion-column-first\" style=\"--awb-bg-size:cover;\"><div class=\"fusion-column-wrapper fusion-column-has-shadow fusion-flex-column-wrapper-legacy\"><div class=\"fusion-text fusion-text-1\"><h2 style=\"color: #ffffff; padding-top: 50px;\">\u00d8vet hold i Cubansk Salsa<\/h2>\n<h3 style=\"color: #ffffff;\">v\/ Miguel Luna<\/h3>\n<\/div><div class=\"fusion-sep-clear\"><\/div><div class=\"fusion-separator fusion-full-width-sep\" style=\"margin-left: auto;margin-right: auto;margin-top:20px;width:100%;\"><\/div><div class=\"fusion-sep-clear\"><\/div><div class=\"fusion-button-wrapper\"><a class=\"fusion-button button-flat button-large button-custom fusion-button-default button-1 fusion-button-default-span \" style=\"--button_accent_color:#ffffff;--button_accent_hover_color:#ffffff;--button_border_hover_color:#ffffff;--button_border_width-top:2px;--button_border_width-right:2px;--button_border_width-bottom:2px;--button_border_width-left:2px;--button_gradient_top_color:rgba(255,255,255,0);--button_gradient_bottom_color:rgba(255,255,255,0);--button_gradient_top_color_hover:rgba(255,255,255,.1);--button_gradient_bottom_color_hover:rgba(255,255,255,.1);\" target=\"_blank\" rel=\"noopener noreferrer\" href=\"https:\/\/salsaviborg.nemtilmeld.dk\/\"><span class=\"fusion-button-text awb-button__text awb-button__text--default\">Tilmeld dig<\/span><\/a><\/div><div class=\"fusion-clearfix\"><\/div><\/div><\/div><\/div><\/div><div class=\"fusion-fullwidth fullwidth-box fusion-builder-row-2 nonhundred-percent-fullwidth non-hundred-percent-height-scrolling fusion-equal-height-columns\" style=\"--awb-border-radius-top-left:0px;--awb-border-radius-top-right:0px;--awb-border-radius-bottom-right:0px;--awb-border-radius-bottom-left:0px;--awb-padding-top:50px;--awb-padding-bottom:0px;--awb-flex-wrap:wrap;\" ><div class=\"fusion-builder-row fusion-row\"><div class=\"fusion-layout-column fusion_builder_column fusion-builder-column-1 fusion_builder_column_1_2 1_2 fusion-one-half fusion-column-first\" style=\"--awb-bg-size:cover;width:48%; margin-right: 4%;\"><div class=\"fusion-column-wrapper fusion-column-has-shadow fusion-flex-column-wrapper-legacy\"><div class=\"fusion-text fusion-text-2\"><p> <span class=\"fusion-dropcap dropcap\">P<\/span>\u00e5 dette \u00f8vet kursus i cubansk salsa vil Miguel Luna arbejde videre med bodywork, footwork, musikforst\u00e5else, komplicerede figurer og styling.<\/p>\n<p>Det \u00f8vede hold i cubansk salsa er for de rutinerede dansere. Der foruds\u00e6ttes indg\u00e5ende kendskab til rytmeforst\u00e5else og figurer i salsa.\u00a0<\/p>\n<p>Du skal v\u00e6re medlem af foreningen for at deltage p\u00e5 det faste hold. Er du ikke det, koster det 50 kr. om \u00e5ret for medlemsskab:\u00a0<a href=\"https:\/\/salsaviborg.nemtilmeld.dk\/43\/\"><u>https:\/\/salsaviborg.nemtilmeld.dk\/43<\/u><\/a><\/p>\n<\/div><div class=\"fusion-clearfix\"><\/div><\/div><\/div><div class=\"fusion-layout-column fusion_builder_column fusion-builder-column-2 fusion_builder_column_1_2 1_2 fusion-one-half fusion-column-last\" style=\"--awb-bg-size:cover;width:48%;\"><div class=\"fusion-column-wrapper fusion-column-has-shadow fusion-flex-column-wrapper-legacy\"><div class=\"fusion-text fusion-text-3\"><p><strong>Salsaerfaring:<\/strong> Der foruds\u00e6ttes indg\u00e5ende kendskab til rytmeforst\u00e5else og figurer i salsa<\/p>\n<p><strong>START: <\/strong>Tirsdage kl. 19:40 &#8211; 20:55<\/p>\n<p><strong>INSTRUT\u00d8R: Miguel Luna<\/strong><\/p>\n<p><strong>VARIGHED: U<\/strong>ndervisningslektioner a\u2019 75 min, antal gange varierer fra s\u00e6son til s\u00e6son<\/p>\n<p><b>PRIS:<\/b> 60 kr pr. lektion<\/p>\n<p><b>TILMELDING:<\/b> Du kan tilmelde dig og betale her&gt;&gt;<\/p>\n<p><b>LOKATION:<\/b> Salsa Viborg c\/o 10&#8217;eren, Rughavevej 2, 8800 Viborg<\/p>\n<p><!-- \/wp:post-content --><\/p>\n<p><!-- wp:paragraph --><\/p><\/p>\n<\/div><div class=\"fusion-clearfix\"><\/div><\/div><\/div><\/div><\/div><div class=\"fusion-fullwidth fullwidth-box fusion-builder-row-3 nonhundred-percent-fullwidth non-hundred-percent-height-scrolling\" style=\"--awb-border-radius-top-left:0px;--awb-border-radius-top-right:0px;--awb-border-radius-bottom-right:0px;--awb-border-radius-bottom-left:0px;--awb-padding-top:50px;--awb-padding-bottom:0px;--awb-background-color:#e9eaee;--awb-flex-wrap:wrap;\" ><div class=\"fusion-builder-row fusion-row\"><div class=\"fusion-layout-column fusion_builder_column fusion-builder-column-3 fusion_builder_column_1_2 1_2 fusion-one-half fusion-column-first\" style=\"--awb-bg-size:cover;width:48%; margin-right: 4%;\"><div class=\"fusion-column-wrapper fusion-column-has-shadow fusion-flex-column-wrapper-legacy\"><div class=\"fusion-text fusion-text-4\"><p> <span class=\"fusion-dropcap dropcap\">M<\/span>iguel Luna, kommer fra M\u00e1laga i Spanien. Han underviser regelm\u00e6ssigt i forskellige begivenheder i Aarhus og omegn, hvor han bor. Miguel har siden 2014 undervist \u201cLatin Dances\u201d i Horsens (Student Sports of VIA University College) og g\u00f8r det fortsat. Han har undervist i salsa forskellige steder s\u00e5 som Fidel\u2019s, Cafe i Paradis, Regn, Rusk &amp; Rueda 2015.<\/p>\n<p>Han begyndte at undervise p\u00e5 forskellige workshops i \u00a0Salsa Viborg omkring April 2015 og\u00a0 efterf\u00f8lgende begyndte han at undervise de ugentlige hold som han g\u00f8r nu.\u00a0<\/p>\n<p>Han har forberedt nogle simple koreografier for hans dansere s\u00e5 de kan deltage i forskellige begivenheder s\u00e5 som \u201cNorthside\u201d, \u201cDansens dag i Horsens\u201d, semester fester p\u00e5 VIA m.fl.<\/p>\n<p>Miguel har danset Cuban salsa siden 2014 og ses ofte p\u00e5 dansegulvene i b\u00e5de Aarhus og Horsens. Han har ogs\u00e5 deltaget i nogle salsa festivaller og salsa begivenheder rundt omkring i Europa, s\u00e5 som Hamburg, K\u00f8benhavn, Roskilde og Baila Siempre.<\/p>\n<p><!-- \/wp:paragraph --><\/p>\n<p><!-- wp:paragraph --><\/p>\n<p>&nbsp;<\/p>\n<\/div><div class=\"fusion-clearfix\"><\/div><\/div><\/div><div class=\"fusion-layout-column fusion_builder_column fusion-builder-column-4 fusion_builder_column_1_2 1_2 fusion-one-half fusion-column-last\" style=\"--awb-bg-size:cover;width:48%;\"><div class=\"fusion-column-wrapper fusion-column-has-shadow fusion-flex-column-wrapper-legacy\"><div class=\"fusion-text fusion-text-5\"><p><img data-recalc-dims=\"1\" decoding=\"async\" class=\"alignnone wp-image-1599 size-medium\" src=\"https:\/\/i0.wp.com\/cp13.nordicway.dk\/~salsavib\/wp-content\/uploads\/2019\/04\/miguel.jpg?resize=300%2C300&#038;ssl=1\" alt=\"\" width=\"300\" height=\"300\" srcset=\"https:\/\/i0.wp.com\/cp13.nordicway.dk\/~salsavib\/wp-content\/uploads\/2019\/04\/miguel.jpg?resize=66%2C66&amp;ssl=1 66w, https:\/\/i0.wp.com\/cp13.nordicway.dk\/~salsavib\/wp-content\/uploads\/2019\/04\/miguel.jpg?resize=150%2C150&amp;ssl=1 150w, https:\/\/i0.wp.com\/cp13.nordicway.dk\/~salsavib\/wp-content\/uploads\/2019\/04\/miguel.jpg?resize=200%2C200&amp;ssl=1 200w, https:\/\/i0.wp.com\/cp13.nordicway.dk\/~salsavib\/wp-content\/uploads\/2019\/04\/miguel.jpg?resize=300%2C300&amp;ssl=1 300w, https:\/\/i0.wp.com\/cp13.nordicway.dk\/~salsavib\/wp-content\/uploads\/2019\/04\/miguel.jpg?resize=400%2C400&amp;ssl=1 400w, https:\/\/i0.wp.com\/cp13.nordicway.dk\/~salsavib\/wp-content\/uploads\/2019\/04\/miguel.jpg?resize=600%2C600&amp;ssl=1 600w, https:\/\/i0.wp.com\/cp13.nordicway.dk\/~salsavib\/wp-content\/uploads\/2019\/04\/miguel.jpg?resize=768%2C768&amp;ssl=1 768w, https:\/\/i0.wp.com\/cp13.nordicway.dk\/~salsavib\/wp-content\/uploads\/2019\/04\/miguel.jpg?resize=800%2C800&amp;ssl=1 800w, https:\/\/i0.wp.com\/cp13.nordicway.dk\/~salsavib\/wp-content\/uploads\/2019\/04\/miguel.jpg?w=960&amp;ssl=1 960w\" sizes=\"(max-width: 300px) 100vw, 300px\" \/><\/p>\n<p>&nbsp;<\/p>\n<\/div><div class=\"fusion-clearfix\"><\/div><\/div><\/div><\/div><\/div>\n<div class=\"fusion-fullwidth fullwidth-box fusion-builder-row-4 nonhundred-percent-fullwidth non-hundred-percent-height-scrolling\" style=\"--awb-border-radius-top-left:0px;--awb-border-radius-top-right:0px;--awb-border-radius-bottom-right:0px;--awb-border-radius-bottom-left:0px;--awb-padding-top:50px;--awb-padding-bottom:50px;--awb-border-sizes-top:37px;--awb-border-sizes-bottom:37px;--awb-flex-wrap:wrap;\" ><div class=\"fusion-builder-row fusion-row\"><div class=\"fusion-layout-column fusion_builder_column fusion-builder-column-5 fusion_builder_column_1_1 1_1 fusion-one-full fusion-column-first fusion-column-last\" style=\"--awb-bg-size:cover;\"><div class=\"fusion-column-wrapper fusion-flex-column-wrapper-legacy\"><div class=\"fusion-text fusion-text-6\"><h3><span class=\"fusion-dropcap dropcap\">D<\/span>et praktiske<\/h3>\n<p>Prisen pr. session er 60 kr., men betales som et samlet bel\u00f8b for hele s\u00e6sonen.<\/p>\n<p>For at blive tilmeldt holdet skal du:<\/p>\n<ol>\n<li>Tilmelde dig p\u00e5 <a href=\"https:\/\/salsaviborg.nemtilmeld.dk\/\"><u>https:\/\/salsaviborg.nemtilmeld.dk\/<\/u><\/a><\/li>\n<li>Husk at anf\u00f8re det rigtige hold samt dit k\u00f8n<\/li>\n<li>Vi bekr\u00e6fter din indbetaling og tilmelding<\/li>\n<\/ol>\n<p>F\u00d8RST til m\u00f8lle-princippet:<br \/>Vi forbeholder os retten til at lukke holdet for kvinder, hvis fordelingen af k\u00f8n bliver for sk\u00e6v. Der er fortrinsret for nuv\u00e6rende holddeltagere. Hvis I kommer som par, er I sikret en plads.<\/p>\n<p>\u00d8nsker du at blive medlem af foreningen for at forts\u00e6tte p\u00e5 et fast hold koster dette 50,- kr. om \u00e5ret. S\u00e5ledes kan du ogs\u00e5 deltage i vores ekstraordin\u00e6re events som foreg\u00e5r \u00e5ret rundt. Du kan l\u00e6se mere om vores aktiviteter <a href=\"https:\/\/cp13.nordicway.dk\/~salsavib\/kalender\/\" target=\"_blank\" rel=\"noopener noreferrer\">her&gt;&gt;<\/a><\/p>\n<p>N\u00e5r du har betalt deltagergebyret for holdet, har vi desv\u00e6rre ikke mulighed for at refundere pengene. Heller ikke selvom du fortryder, eller ikke har mulighed for at g\u00e5 p\u00e5 holdet alligevel. Kun hvis der ikke bliver plads p\u00e5 holdet, eller holdet ikke bliver oprettet, vil du f\u00e5 deltagergebyret retur.<\/p>\n<p>Bes\u00f8g desuden vores Facebookside og Facebookgruppe her: <a href=\"https:\/\/www.facebook.com\/salsaviborg\/\"><u>https:\/\/www.facebook.com\/salsaviborg\/<\/u><\/a>\u00a0og <a href=\"https:\/\/www.facebook.com\/groups\/562205250534457\/\"><u>https:\/\/www.facebook.com\/groups\/562205250534457\/<\/u><\/a><\/p>\n<\/div><div class=\"fusion-clearfix\"><\/div><\/div><\/div><\/div><\/div>\n","protected":false},"excerpt":{"rendered":"","protected":false},"author":1,"featured_media":0,"parent":646,"menu_order":4,"comment_status":"closed","ping_status":"closed","template":"","meta":{"jetpack_post_was_ever_published":false,"footnotes":""},"class_list":["post-21","page","type-page","status-publish","hentry"],"yoast_head":"<!-- This site is optimized with the Yoast SEO plugin v27.4 - https:\/\/yoast.com\/product\/yoast-seo-wordpress\/ -->\n<title>\u00d8vet hold - Salsa Viborg<\/title>\n<meta name=\"robots\" content=\"index, follow, max-snippet:-1, max-image-preview:large, max-video-preview:-1\" \/>\n<link rel=\"canonical\" href=\"https:\/\/cp13.nordicway.dk\/~salsavib\/salsa-hold-i-flere-niveauer\/oevet-hold\/\" \/>\n<meta property=\"og:locale\" content=\"da_DK\" \/>\n<meta property=\"og:type\" content=\"article\" \/>\n<meta property=\"og:title\" content=\"\u00d8vet hold - Salsa Viborg\" \/>\n<meta property=\"og:url\" content=\"https:\/\/cp13.nordicway.dk\/~salsavib\/salsa-hold-i-flere-niveauer\/oevet-hold\/\" \/>\n<meta property=\"og:site_name\" content=\"Salsa Viborg\" \/>\n<meta property=\"article:publisher\" content=\"https:\/\/www.facebook.com\/salsaviborg\/\" \/>\n<meta property=\"article:modified_time\" content=\"2020-02-12T11:31:47+00:00\" \/>\n<meta name=\"twitter:card\" content=\"summary_large_image\" \/>\n<meta name=\"twitter:label1\" content=\"Estimeret l\u00e6setid\" \/>\n\t<meta name=\"twitter:data1\" content=\"5 minutter\" \/>\n<script type=\"application\/ld+json\" class=\"yoast-schema-graph\">{\"@context\":\"https:\\\/\\\/schema.org\",\"@graph\":[{\"@type\":\"WebPage\",\"@id\":\"https:\\\/\\\/cp13.nordicway.dk\\\/~salsavib\\\/salsa-hold-i-flere-niveauer\\\/oevet-hold\\\/\",\"url\":\"https:\\\/\\\/cp13.nordicway.dk\\\/~salsavib\\\/salsa-hold-i-flere-niveauer\\\/oevet-hold\\\/\",\"name\":\"\u00d8vet hold - Salsa Viborg\",\"isPartOf\":{\"@id\":\"https:\\\/\\\/cp13.nordicway.dk\\\/~salsavib\\\/#website\"},\"datePublished\":\"2019-04-13T16:31:27+00:00\",\"dateModified\":\"2020-02-12T11:31:47+00:00\",\"breadcrumb\":{\"@id\":\"https:\\\/\\\/cp13.nordicway.dk\\\/~salsavib\\\/salsa-hold-i-flere-niveauer\\\/oevet-hold\\\/#breadcrumb\"},\"inLanguage\":\"da-DK\",\"potentialAction\":[{\"@type\":\"ReadAction\",\"target\":[\"https:\\\/\\\/cp13.nordicway.dk\\\/~salsavib\\\/salsa-hold-i-flere-niveauer\\\/oevet-hold\\\/\"]}]},{\"@type\":\"BreadcrumbList\",\"@id\":\"https:\\\/\\\/cp13.nordicway.dk\\\/~salsavib\\\/salsa-hold-i-flere-niveauer\\\/oevet-hold\\\/#breadcrumb\",\"itemListElement\":[{\"@type\":\"ListItem\",\"position\":1,\"name\":\"Hjem\",\"item\":\"https:\\\/\\\/cp13.nordicway.dk\\\/~salsavib\\\/\"},{\"@type\":\"ListItem\",\"position\":2,\"name\":\"Danse hold\",\"item\":\"https:\\\/\\\/cp13.nordicway.dk\\\/~salsavib\\\/salsa-hold-i-flere-niveauer\\\/\"},{\"@type\":\"ListItem\",\"position\":3,\"name\":\"\u00d8vet hold\"}]},{\"@type\":\"WebSite\",\"@id\":\"https:\\\/\\\/cp13.nordicway.dk\\\/~salsavib\\\/#website\",\"url\":\"https:\\\/\\\/cp13.nordicway.dk\\\/~salsavib\\\/\",\"name\":\"Salsa Viborg\",\"description\":\"Undervisnings tilbud salsa p\u00e5 begynder, improver, let \u00f8vet og \u00f8vet hold\",\"publisher\":{\"@id\":\"https:\\\/\\\/cp13.nordicway.dk\\\/~salsavib\\\/#organization\"},\"potentialAction\":[{\"@type\":\"SearchAction\",\"target\":{\"@type\":\"EntryPoint\",\"urlTemplate\":\"https:\\\/\\\/cp13.nordicway.dk\\\/~salsavib\\\/?s={search_term_string}\"},\"query-input\":{\"@type\":\"PropertyValueSpecification\",\"valueRequired\":true,\"valueName\":\"search_term_string\"}}],\"inLanguage\":\"da-DK\"},{\"@type\":\"Organization\",\"@id\":\"https:\\\/\\\/cp13.nordicway.dk\\\/~salsavib\\\/#organization\",\"name\":\"Salsa Viborg\",\"url\":\"https:\\\/\\\/cp13.nordicway.dk\\\/~salsavib\\\/\",\"logo\":{\"@type\":\"ImageObject\",\"inLanguage\":\"da-DK\",\"@id\":\"https:\\\/\\\/cp13.nordicway.dk\\\/~salsavib\\\/#\\\/schema\\\/logo\\\/image\\\/\",\"url\":\"https:\\\/\\\/i2.wp.com\\\/salsaviborg.dk\\\/wp-content\\\/uploads\\\/2019\\\/04\\\/salsa.jpg?fit=850%2C310&ssl=1\",\"contentUrl\":\"https:\\\/\\\/i2.wp.com\\\/salsaviborg.dk\\\/wp-content\\\/uploads\\\/2019\\\/04\\\/salsa.jpg?fit=850%2C310&ssl=1\",\"width\":850,\"height\":310,\"caption\":\"Salsa Viborg\"},\"image\":{\"@id\":\"https:\\\/\\\/cp13.nordicway.dk\\\/~salsavib\\\/#\\\/schema\\\/logo\\\/image\\\/\"},\"sameAs\":[\"https:\\\/\\\/www.facebook.com\\\/salsaviborg\\\/\"]}]}<\/script>\n<!-- \/ Yoast SEO plugin. -->","yoast_head_json":{"title":"\u00d8vet hold - Salsa Viborg","robots":{"index":"index","follow":"follow","max-snippet":"max-snippet:-1","max-image-preview":"max-image-preview:large","max-video-preview":"max-video-preview:-1"},"canonical":"https:\/\/cp13.nordicway.dk\/~salsavib\/salsa-hold-i-flere-niveauer\/oevet-hold\/","og_locale":"da_DK","og_type":"article","og_title":"\u00d8vet hold - Salsa Viborg","og_url":"https:\/\/cp13.nordicway.dk\/~salsavib\/salsa-hold-i-flere-niveauer\/oevet-hold\/","og_site_name":"Salsa Viborg","article_publisher":"https:\/\/www.facebook.com\/salsaviborg\/","article_modified_time":"2020-02-12T11:31:47+00:00","twitter_card":"summary_large_image","twitter_misc":{"Estimeret l\u00e6setid":"5 minutter"},"schema":{"@context":"https:\/\/schema.org","@graph":[{"@type":"WebPage","@id":"https:\/\/cp13.nordicway.dk\/~salsavib\/salsa-hold-i-flere-niveauer\/oevet-hold\/","url":"https:\/\/cp13.nordicway.dk\/~salsavib\/salsa-hold-i-flere-niveauer\/oevet-hold\/","name":"\u00d8vet hold - Salsa Viborg","isPartOf":{"@id":"https:\/\/cp13.nordicway.dk\/~salsavib\/#website"},"datePublished":"2019-04-13T16:31:27+00:00","dateModified":"2020-02-12T11:31:47+00:00","breadcrumb":{"@id":"https:\/\/cp13.nordicway.dk\/~salsavib\/salsa-hold-i-flere-niveauer\/oevet-hold\/#breadcrumb"},"inLanguage":"da-DK","potentialAction":[{"@type":"ReadAction","target":["https:\/\/cp13.nordicway.dk\/~salsavib\/salsa-hold-i-flere-niveauer\/oevet-hold\/"]}]},{"@type":"BreadcrumbList","@id":"https:\/\/cp13.nordicway.dk\/~salsavib\/salsa-hold-i-flere-niveauer\/oevet-hold\/#breadcrumb","itemListElement":[{"@type":"ListItem","position":1,"name":"Hjem","item":"https:\/\/cp13.nordicway.dk\/~salsavib\/"},{"@type":"ListItem","position":2,"name":"Danse hold","item":"https:\/\/cp13.nordicway.dk\/~salsavib\/salsa-hold-i-flere-niveauer\/"},{"@type":"ListItem","position":3,"name":"\u00d8vet hold"}]},{"@type":"WebSite","@id":"https:\/\/cp13.nordicway.dk\/~salsavib\/#website","url":"https:\/\/cp13.nordicway.dk\/~salsavib\/","name":"Salsa Viborg","description":"Undervisnings tilbud salsa p\u00e5 begynder, improver, let \u00f8vet og \u00f8vet hold","publisher":{"@id":"https:\/\/cp13.nordicway.dk\/~salsavib\/#organization"},"potentialAction":[{"@type":"SearchAction","target":{"@type":"EntryPoint","urlTemplate":"https:\/\/cp13.nordicway.dk\/~salsavib\/?s={search_term_string}"},"query-input":{"@type":"PropertyValueSpecification","valueRequired":true,"valueName":"search_term_string"}}],"inLanguage":"da-DK"},{"@type":"Organization","@id":"https:\/\/cp13.nordicway.dk\/~salsavib\/#organization","name":"Salsa Viborg","url":"https:\/\/cp13.nordicway.dk\/~salsavib\/","logo":{"@type":"ImageObject","inLanguage":"da-DK","@id":"https:\/\/cp13.nordicway.dk\/~salsavib\/#\/schema\/logo\/image\/","url":"https:\/\/i2.wp.com\/salsaviborg.dk\/wp-content\/uploads\/2019\/04\/salsa.jpg?fit=850%2C310&ssl=1","contentUrl":"https:\/\/i2.wp.com\/salsaviborg.dk\/wp-content\/uploads\/2019\/04\/salsa.jpg?fit=850%2C310&ssl=1","width":850,"height":310,"caption":"Salsa Viborg"},"image":{"@id":"https:\/\/cp13.nordicway.dk\/~salsavib\/#\/schema\/logo\/image\/"},"sameAs":["https:\/\/www.facebook.com\/salsaviborg\/"]}]}},"jetpack_sharing_enabled":true,"jetpack_shortlink":"https:\/\/wp.me\/PaU1be-l","jetpack_likes_enabled":true,"_links":{"self":[{"href":"https:\/\/cp13.nordicway.dk\/~salsavib\/wp-json\/wp\/v2\/pages\/21","targetHints":{"allow":["GET"]}}],"collection":[{"href":"https:\/\/cp13.nordicway.dk\/~salsavib\/wp-json\/wp\/v2\/pages"}],"about":[{"href":"https:\/\/cp13.nordicway.dk\/~salsavib\/wp-json\/wp\/v2\/types\/page"}],"author":[{"embeddable":true,"href":"https:\/\/cp13.nordicway.dk\/~salsavib\/wp-json\/wp\/v2\/users\/1"}],"replies":[{"embeddable":true,"href":"https:\/\/cp13.nordicway.dk\/~salsavib\/wp-json\/wp\/v2\/comments?post=21"}],"version-history":[{"count":15,"href":"https:\/\/cp13.nordicway.dk\/~salsavib\/wp-json\/wp\/v2\/pages\/21\/revisions"}],"predecessor-version":[{"id":1931,"href":"https:\/\/cp13.nordicway.dk\/~salsavib\/wp-json\/wp\/v2\/pages\/21\/revisions\/1931"}],"up":[{"embeddable":true,"href":"https:\/\/cp13.nordicway.dk\/~salsavib\/wp-json\/wp\/v2\/pages\/646"}],"wp:attachment":[{"href":"https:\/\/cp13.nordicway.dk\/~salsavib\/wp-json\/wp\/v2\/media?parent=21"}],"curies":[{"name":"wp","href":"https:\/\/api.w.org\/{rel}","templated":true}]}}