{"id":23,"date":"2019-04-13T18:32:52","date_gmt":"2019-04-13T16:32:52","guid":{"rendered":"https:\/\/cp13.nordicway.dk\/~salsavib\/?page_id=23"},"modified":"2023-06-26T13:58:50","modified_gmt":"2023-06-26T11:58:50","slug":"kalender","status":"publish","type":"page","link":"https:\/\/cp13.nordicway.dk\/~salsavib\/kalender\/","title":{"rendered":"Kalender"},"content":{"rendered":"<div class=\"fusion-fullwidth fullwidth-box fusion-builder-row-1 nonhundred-percent-fullwidth non-hundred-percent-height-scrolling\" style=\"--awb-border-radius-top-left:0px;--awb-border-radius-top-right:0px;--awb-border-radius-bottom-right:0px;--awb-border-radius-bottom-left:0px;--awb-flex-wrap:wrap;\" ><div class=\"fusion-builder-row fusion-row\"><div class=\"fusion-layout-column fusion_builder_column fusion-builder-column-0 fusion_builder_column_1_1 1_1 fusion-one-full fusion-column-first fusion-column-last\" style=\"--awb-bg-size:cover;\"><div class=\"fusion-column-wrapper fusion-flex-column-wrapper-legacy\"><div class=\"fusion-title title fusion-title-1 fusion-title-text fusion-title-size-one\"><h1 class=\"fusion-title-heading title-heading-left\" style=\"margin:0;\">Kalender<\/h1><span class=\"awb-title-spacer\"><\/span><div class=\"title-sep-container\"><div class=\"title-sep sep-single sep-dashed\" style=\"border-color:#e0dede;\"><\/div><\/div><\/div><div class=\"fusion-text fusion-text-1\"><p><span class=\"fusion-dropcap dropcap\">E<\/span>vents<\/p>\n<p>Salsabegivenhederne i foreningen kan f\u00f8lges p\u00e5 Facebook : <a href=\"http:\/\/www.facebook.com\/salsaviborg\" target=\"_blank\" rel=\"noopener noreferrer\">www.facebook.com\/salsaviborg<\/a><\/p>\n<p><span class=\"fusion-dropcap dropcap\">F<\/span>aste aktiviteter<\/p>\n<p>Holdundervisning &#8211; Outdoor &#8211; Salsatek <\/p>\n<ul>\n<li>Vinters\u00e6son &#8211; fra ultimo januar til p\u00e5ske<\/li>\n<li>Sommers\u00e6son &#8211; fra p\u00e5ske til ultimo juni<\/li>\n<li>Salsa Outdoor (Borgvold) ultimo juni til medio august<\/li>\n<li>Efter\u00e5rss\u00e6son &#8211; medio august til primo december<\/li>\n<li>Salsatek afholdes hver sidste fredag i m\u00e5neden  kl. 20.00 &#8211; 23.00. <\/li>\n<\/ul>\n<p> Se mere information om de aktuelle hold p\u00e5 vores tilmeldingsportal <a href=\"https:\/\/salsaviborg.nemtilmeld.dk\/\" target=\"_blank\" rel=\"noopener noreferrer\">her &gt;&gt;<\/a><\/p><\/p>\n<\/div><div class=\"fusion-clearfix\"><\/div><\/div><\/div><\/div><\/div>\n","protected":false},"excerpt":{"rendered":"","protected":false},"author":1,"featured_media":0,"parent":0,"menu_order":0,"comment_status":"closed","ping_status":"closed","template":"","meta":{"jetpack_post_was_ever_published":false,"footnotes":""},"class_list":["post-23","page","type-page","status-publish","hentry"],"yoast_head":"<!-- This site is optimized with the Yoast SEO plugin v27.4 - https:\/\/yoast.com\/product\/yoast-seo-wordpress\/ -->\n<title>Kalender - Salsa Viborg<\/title>\n<meta name=\"robots\" content=\"index, follow, max-snippet:-1, max-image-preview:large, max-video-preview:-1\" \/>\n<link rel=\"canonical\" href=\"https:\/\/cp13.nordicway.dk\/~salsavib\/kalender\/\" \/>\n<meta property=\"og:locale\" content=\"da_DK\" \/>\n<meta property=\"og:type\" content=\"article\" \/>\n<meta property=\"og:title\" content=\"Kalender - Salsa Viborg\" \/>\n<meta property=\"og:url\" content=\"https:\/\/cp13.nordicway.dk\/~salsavib\/kalender\/\" \/>\n<meta property=\"og:site_name\" content=\"Salsa Viborg\" \/>\n<meta property=\"article:publisher\" content=\"https:\/\/www.facebook.com\/salsaviborg\/\" \/>\n<meta property=\"article:modified_time\" content=\"2023-06-26T11:58:50+00:00\" \/>\n<meta name=\"twitter:card\" content=\"summary_large_image\" \/>\n<meta name=\"twitter:label1\" content=\"Estimeret l\u00e6setid\" \/>\n\t<meta name=\"twitter:data1\" content=\"1 minut\" \/>\n<script type=\"application\/ld+json\" class=\"yoast-schema-graph\">{\"@context\":\"https:\\\/\\\/schema.org\",\"@graph\":[{\"@type\":\"WebPage\",\"@id\":\"https:\\\/\\\/cp13.nordicway.dk\\\/~salsavib\\\/kalender\\\/\",\"url\":\"https:\\\/\\\/cp13.nordicway.dk\\\/~salsavib\\\/kalender\\\/\",\"name\":\"Kalender - Salsa Viborg\",\"isPartOf\":{\"@id\":\"https:\\\/\\\/cp13.nordicway.dk\\\/~salsavib\\\/#website\"},\"datePublished\":\"2019-04-13T16:32:52+00:00\",\"dateModified\":\"2023-06-26T11:58:50+00:00\",\"breadcrumb\":{\"@id\":\"https:\\\/\\\/cp13.nordicway.dk\\\/~salsavib\\\/kalender\\\/#breadcrumb\"},\"inLanguage\":\"da-DK\",\"potentialAction\":[{\"@type\":\"ReadAction\",\"target\":[\"https:\\\/\\\/cp13.nordicway.dk\\\/~salsavib\\\/kalender\\\/\"]}]},{\"@type\":\"BreadcrumbList\",\"@id\":\"https:\\\/\\\/cp13.nordicway.dk\\\/~salsavib\\\/kalender\\\/#breadcrumb\",\"itemListElement\":[{\"@type\":\"ListItem\",\"position\":1,\"name\":\"Hjem\",\"item\":\"https:\\\/\\\/cp13.nordicway.dk\\\/~salsavib\\\/\"},{\"@type\":\"ListItem\",\"position\":2,\"name\":\"Kalender\"}]},{\"@type\":\"WebSite\",\"@id\":\"https:\\\/\\\/cp13.nordicway.dk\\\/~salsavib\\\/#website\",\"url\":\"https:\\\/\\\/cp13.nordicway.dk\\\/~salsavib\\\/\",\"name\":\"Salsa Viborg\",\"description\":\"Undervisnings tilbud salsa p\u00e5 begynder, improver, let \u00f8vet og \u00f8vet hold\",\"publisher\":{\"@id\":\"https:\\\/\\\/cp13.nordicway.dk\\\/~salsavib\\\/#organization\"},\"potentialAction\":[{\"@type\":\"SearchAction\",\"target\":{\"@type\":\"EntryPoint\",\"urlTemplate\":\"https:\\\/\\\/cp13.nordicway.dk\\\/~salsavib\\\/?s={search_term_string}\"},\"query-input\":{\"@type\":\"PropertyValueSpecification\",\"valueRequired\":true,\"valueName\":\"search_term_string\"}}],\"inLanguage\":\"da-DK\"},{\"@type\":\"Organization\",\"@id\":\"https:\\\/\\\/cp13.nordicway.dk\\\/~salsavib\\\/#organization\",\"name\":\"Salsa Viborg\",\"url\":\"https:\\\/\\\/cp13.nordicway.dk\\\/~salsavib\\\/\",\"logo\":{\"@type\":\"ImageObject\",\"inLanguage\":\"da-DK\",\"@id\":\"https:\\\/\\\/cp13.nordicway.dk\\\/~salsavib\\\/#\\\/schema\\\/logo\\\/image\\\/\",\"url\":\"https:\\\/\\\/i2.wp.com\\\/salsaviborg.dk\\\/wp-content\\\/uploads\\\/2019\\\/04\\\/salsa.jpg?fit=850%2C310&ssl=1\",\"contentUrl\":\"https:\\\/\\\/i2.wp.com\\\/salsaviborg.dk\\\/wp-content\\\/uploads\\\/2019\\\/04\\\/salsa.jpg?fit=850%2C310&ssl=1\",\"width\":850,\"height\":310,\"caption\":\"Salsa Viborg\"},\"image\":{\"@id\":\"https:\\\/\\\/cp13.nordicway.dk\\\/~salsavib\\\/#\\\/schema\\\/logo\\\/image\\\/\"},\"sameAs\":[\"https:\\\/\\\/www.facebook.com\\\/salsaviborg\\\/\"]}]}<\/script>\n<!-- \/ Yoast SEO plugin. -->","yoast_head_json":{"title":"Kalender - Salsa Viborg","robots":{"index":"index","follow":"follow","max-snippet":"max-snippet:-1","max-image-preview":"max-image-preview:large","max-video-preview":"max-video-preview:-1"},"canonical":"https:\/\/cp13.nordicway.dk\/~salsavib\/kalender\/","og_locale":"da_DK","og_type":"article","og_title":"Kalender - Salsa Viborg","og_url":"https:\/\/cp13.nordicway.dk\/~salsavib\/kalender\/","og_site_name":"Salsa Viborg","article_publisher":"https:\/\/www.facebook.com\/salsaviborg\/","article_modified_time":"2023-06-26T11:58:50+00:00","twitter_card":"summary_large_image","twitter_misc":{"Estimeret l\u00e6setid":"1 minut"},"schema":{"@context":"https:\/\/schema.org","@graph":[{"@type":"WebPage","@id":"https:\/\/cp13.nordicway.dk\/~salsavib\/kalender\/","url":"https:\/\/cp13.nordicway.dk\/~salsavib\/kalender\/","name":"Kalender - Salsa Viborg","isPartOf":{"@id":"https:\/\/cp13.nordicway.dk\/~salsavib\/#website"},"datePublished":"2019-04-13T16:32:52+00:00","dateModified":"2023-06-26T11:58:50+00:00","breadcrumb":{"@id":"https:\/\/cp13.nordicway.dk\/~salsavib\/kalender\/#breadcrumb"},"inLanguage":"da-DK","potentialAction":[{"@type":"ReadAction","target":["https:\/\/cp13.nordicway.dk\/~salsavib\/kalender\/"]}]},{"@type":"BreadcrumbList","@id":"https:\/\/cp13.nordicway.dk\/~salsavib\/kalender\/#breadcrumb","itemListElement":[{"@type":"ListItem","position":1,"name":"Hjem","item":"https:\/\/cp13.nordicway.dk\/~salsavib\/"},{"@type":"ListItem","position":2,"name":"Kalender"}]},{"@type":"WebSite","@id":"https:\/\/cp13.nordicway.dk\/~salsavib\/#website","url":"https:\/\/cp13.nordicway.dk\/~salsavib\/","name":"Salsa Viborg","description":"Undervisnings tilbud salsa p\u00e5 begynder, improver, let \u00f8vet og \u00f8vet hold","publisher":{"@id":"https:\/\/cp13.nordicway.dk\/~salsavib\/#organization"},"potentialAction":[{"@type":"SearchAction","target":{"@type":"EntryPoint","urlTemplate":"https:\/\/cp13.nordicway.dk\/~salsavib\/?s={search_term_string}"},"query-input":{"@type":"PropertyValueSpecification","valueRequired":true,"valueName":"search_term_string"}}],"inLanguage":"da-DK"},{"@type":"Organization","@id":"https:\/\/cp13.nordicway.dk\/~salsavib\/#organization","name":"Salsa Viborg","url":"https:\/\/cp13.nordicway.dk\/~salsavib\/","logo":{"@type":"ImageObject","inLanguage":"da-DK","@id":"https:\/\/cp13.nordicway.dk\/~salsavib\/#\/schema\/logo\/image\/","url":"https:\/\/i2.wp.com\/salsaviborg.dk\/wp-content\/uploads\/2019\/04\/salsa.jpg?fit=850%2C310&ssl=1","contentUrl":"https:\/\/i2.wp.com\/salsaviborg.dk\/wp-content\/uploads\/2019\/04\/salsa.jpg?fit=850%2C310&ssl=1","width":850,"height":310,"caption":"Salsa Viborg"},"image":{"@id":"https:\/\/cp13.nordicway.dk\/~salsavib\/#\/schema\/logo\/image\/"},"sameAs":["https:\/\/www.facebook.com\/salsaviborg\/"]}]}},"jetpack_sharing_enabled":true,"jetpack_shortlink":"https:\/\/wp.me\/PaU1be-n","jetpack_likes_enabled":true,"_links":{"self":[{"href":"https:\/\/cp13.nordicway.dk\/~salsavib\/wp-json\/wp\/v2\/pages\/23","targetHints":{"allow":["GET"]}}],"collection":[{"href":"https:\/\/cp13.nordicway.dk\/~salsavib\/wp-json\/wp\/v2\/pages"}],"about":[{"href":"https:\/\/cp13.nordicway.dk\/~salsavib\/wp-json\/wp\/v2\/types\/page"}],"author":[{"embeddable":true,"href":"https:\/\/cp13.nordicway.dk\/~salsavib\/wp-json\/wp\/v2\/users\/1"}],"replies":[{"embeddable":true,"href":"https:\/\/cp13.nordicway.dk\/~salsavib\/wp-json\/wp\/v2\/comments?post=23"}],"version-history":[{"count":59,"href":"https:\/\/cp13.nordicway.dk\/~salsavib\/wp-json\/wp\/v2\/pages\/23\/revisions"}],"predecessor-version":[{"id":1723,"href":"https:\/\/cp13.nordicway.dk\/~salsavib\/wp-json\/wp\/v2\/pages\/23\/revisions\/1723"}],"wp:attachment":[{"href":"https:\/\/cp13.nordicway.dk\/~salsavib\/wp-json\/wp\/v2\/media?parent=23"}],"curies":[{"name":"wp","href":"https:\/\/api.w.org\/{rel}","templated":true}]}}